{"id":1026,"date":"2023-04-09T11:28:55","date_gmt":"2023-04-09T14:28:55","guid":{"rendered":"https:\/\/tecnoloide.com.br\/site\/?page_id=1026"},"modified":"2023-10-23T07:31:39","modified_gmt":"2023-10-23T10:31:39","slug":"tecno-small-business","status":"publish","type":"page","link":"https:\/\/tecnoloide.com.br\/site\/tecno-small-business\/","title":{"rendered":"Tecno Small Business"},"content":{"rendered":"\n<p>Sabemos que, para o pequeno empres\u00e1rio, em um mercado altamente competitivo, \u00e9 essencial que empresas de todos os tamanhos tenham acesso \u00e0s tecnologias mais avan\u00e7adas. Por isso, a TecnoLoide Tecnologia agora tamb\u00e9m oferece solu\u00e7\u00f5es tecnol\u00f3gicas para pequenas empresas como a sua.<br><br>Temos orgulho em ser uma empresa reconhecida por oferecer solu\u00e7\u00f5es tecnol\u00f3gicas para grandes empresas por muitos anos, e agora, estamos trazendo nossa expertise para atender empresas de menor porte. N\u00f3s entendemos as necessidades das pequenas empresas, e sabemos como ajud\u00e1-las a aumentar a produtividade e reduzir custos atrav\u00e9s de solu\u00e7\u00f5es tecnol\u00f3gicas eficientes.<br><br>Oferecemos uma ampla gama de servi\u00e7os, desde consultoria em TI at\u00e9 implementa\u00e7\u00e3o e suporte t\u00e9cnico remoto ou in loco. Podemos ajud\u00e1-lo a escolher a solu\u00e7\u00e3o ideal para sua empresa, seja ela uma nuvem privada, migra\u00e7\u00e3o de dados, seguran\u00e7a da informa\u00e7\u00e3o, suporte t\u00e9cnico, entre outras.<br><br>N\u00e3o importa o tamanho do seu neg\u00f3cio, nossa equipe altamente qualificada e experiente est\u00e1 pronta para ajud\u00e1-lo a levar sua empresa para o pr\u00f3ximo n\u00edvel. N\u00e3o perca mais tempo se preocupando com problemas de tecnologia, deixe-nos cuidar disso para voc\u00ea!<br><br>Entre em contato conosco para saber mais sobre nossas solu\u00e7\u00f5es tecnol\u00f3gicas para pequenas empresas. Juntos, podemos ajud\u00e1-lo a alcan\u00e7ar o sucesso que voc\u00ea merece.<\/p>\n\n\n\n<p>Saiba mais entrando em contato<br>\n<div class=\"wpcf7 no-js\" id=\"wpcf7-f49-o1\" lang=\"pt-BR\" dir=\"ltr\" data-wpcf7-id=\"49\">\n<div class=\"screen-reader-response\"><p role=\"status\" aria-live=\"polite\" aria-atomic=\"true\"><\/p> <ul><\/ul><\/div>\n<form action=\"\/site\/wp-json\/wp\/v2\/pages\/1026#wpcf7-f49-o1\" method=\"post\" class=\"wpcf7-form init\" aria-label=\"Formul\u00e1rios de contato\" novalidate=\"novalidate\" data-status=\"init\">\n<fieldset class=\"hidden-fields-container\"><input type=\"hidden\" name=\"_wpcf7\" value=\"49\" \/><input type=\"hidden\" name=\"_wpcf7_version\" value=\"6.1.5\" \/><input type=\"hidden\" name=\"_wpcf7_locale\" value=\"pt_BR\" \/><input type=\"hidden\" name=\"_wpcf7_unit_tag\" value=\"wpcf7-f49-o1\" \/><input type=\"hidden\" name=\"_wpcf7_container_post\" value=\"0\" \/><input type=\"hidden\" name=\"_wpcf7_posted_data_hash\" value=\"\" \/><input type=\"hidden\" name=\"_wpcf7_recaptcha_response\" value=\"\" \/>\n<\/fieldset>\n<p><label> Nome*<br \/>\n<span class=\"wpcf7-form-control-wrap\" data-name=\"your-name\"><input size=\"40\" maxlength=\"400\" class=\"wpcf7-form-control wpcf7-text wpcf7-validates-as-required\" aria-required=\"true\" aria-invalid=\"false\" value=\"\" type=\"text\" name=\"your-name\" \/><\/span> <\/label>\n<\/p>\n<p><label> E-mail*<br \/>\n<span class=\"wpcf7-form-control-wrap\" data-name=\"your-email\"><input size=\"40\" maxlength=\"400\" class=\"wpcf7-form-control wpcf7-email wpcf7-validates-as-required wpcf7-text wpcf7-validates-as-email\" aria-required=\"true\" aria-invalid=\"false\" value=\"\" type=\"email\" name=\"your-email\" \/><\/span> <\/label>\n<\/p>\n<p><label> Assunto<br \/>\n<span class=\"wpcf7-form-control-wrap\" data-name=\"your-subject\"><input size=\"40\" maxlength=\"400\" class=\"wpcf7-form-control wpcf7-text\" aria-invalid=\"false\" value=\"\" type=\"text\" name=\"your-subject\" \/><\/span> <\/label>\n<\/p>\n<p><label> Mensagem<br \/>\n<span class=\"wpcf7-form-control-wrap\" data-name=\"your-message\"><textarea cols=\"40\" rows=\"10\" maxlength=\"2000\" class=\"wpcf7-form-control wpcf7-textarea\" aria-invalid=\"false\" name=\"your-message\"><\/textarea><\/span> <\/label>\n<\/p>\n<p><input class=\"wpcf7-form-control wpcf7-submit has-spinner\" type=\"submit\" value=\"Enviar\" \/>\n<\/p><p style=\"display: none !important;\" class=\"akismet-fields-container\" data-prefix=\"_wpcf7_ak_\"><label>&#916;<textarea name=\"_wpcf7_ak_hp_textarea\" cols=\"45\" rows=\"8\" maxlength=\"100\"><\/textarea><\/label><input type=\"hidden\" id=\"ak_js_1\" name=\"_wpcf7_ak_js\" value=\"170\"\/><script type=\"text\/javascript\">\n\/* <![CDATA[ *\/\ndocument.getElementById( \"ak_js_1\" ).setAttribute( \"value\", ( new Date() ).getTime() );\n\/* ]]> *\/\n<\/script>\n<\/p><div class=\"wpcf7-response-output\" aria-hidden=\"true\"><\/div>\n<\/form>\n<\/div>\n<\/p>\n","protected":false},"excerpt":{"rendered":"<p>Sabemos que, para o pequeno empres\u00e1rio, em um mercado altamente competitivo, \u00e9 essencial que empresas de todos os tamanhos tenham acesso \u00e0s tecnologias mais avan\u00e7adas. Por isso, a TecnoLoide Tecnologia agora tamb\u00e9m oferece solu\u00e7\u00f5es tecnol\u00f3gicas para pequenas empresas como a sua. Temos orgulho em ser uma empresa reconhecida por oferecer solu\u00e7\u00f5es tecnol\u00f3gicas para grandes empresas&nbsp;&hellip;<\/p>\n","protected":false},"author":1,"featured_media":1027,"parent":0,"menu_order":0,"comment_status":"closed","ping_status":"closed","template":"","meta":{"content-type":"","footnotes":""},"class_list":["post-1026","page","type-page","status-publish","has-post-thumbnail","hentry"],"yoast_head":"<!-- This site is optimized with the Yoast SEO plugin v27.5 - https:\/\/yoast.com\/product\/yoast-seo-wordpress\/ -->\n<title>TecnoLoide Tecnologia - Tecno Small Business<\/title>\n<meta name=\"robots\" content=\"index, follow, max-snippet:-1, max-image-preview:large, max-video-preview:-1\" \/>\n<link rel=\"canonical\" href=\"https:\/\/tecnoloide.com.br\/site\/tecno-small-business\/\" \/>\n<meta property=\"og:locale\" content=\"pt_BR\" \/>\n<meta property=\"og:type\" content=\"article\" \/>\n<meta property=\"og:title\" content=\"TecnoLoide Tecnologia - Tecno Small Business\" \/>\n<meta property=\"og:description\" content=\"Sabemos que, para o pequeno empres\u00e1rio, em um mercado altamente competitivo, \u00e9 essencial que empresas de todos os tamanhos tenham acesso \u00e0s tecnologias mais avan\u00e7adas. Por isso, a TecnoLoide Tecnologia agora tamb\u00e9m oferece solu\u00e7\u00f5es tecnol\u00f3gicas para pequenas empresas como a sua. Temos orgulho em ser uma empresa reconhecida por oferecer solu\u00e7\u00f5es tecnol\u00f3gicas para grandes empresas&nbsp;&hellip;\" \/>\n<meta property=\"og:url\" content=\"https:\/\/tecnoloide.com.br\/site\/tecno-small-business\/\" \/>\n<meta property=\"og:site_name\" content=\"TecnoLoide Tecnologia\" \/>\n<meta property=\"article:modified_time\" content=\"2023-10-23T10:31:39+00:00\" \/>\n<meta property=\"og:image\" content=\"https:\/\/tecnoloide.com.br\/site\/wp-content\/uploads\/2023\/04\/Technology-Small-Business.jpg\" \/>\n\t<meta property=\"og:image:width\" content=\"2560\" \/>\n\t<meta property=\"og:image:height\" content=\"1440\" \/>\n\t<meta property=\"og:image:type\" content=\"image\/jpeg\" \/>\n<meta name=\"twitter:card\" content=\"summary_large_image\" \/>\n<meta name=\"twitter:label1\" content=\"Est. tempo de leitura\" \/>\n\t<meta name=\"twitter:data1\" content=\"2 minutos\" \/>\n<script type=\"application\/ld+json\" class=\"yoast-schema-graph\">{\"@context\":\"https:\\\/\\\/schema.org\",\"@graph\":[{\"@type\":\"WebPage\",\"@id\":\"https:\\\/\\\/tecnoloide.com.br\\\/site\\\/tecno-small-business\\\/\",\"url\":\"https:\\\/\\\/tecnoloide.com.br\\\/site\\\/tecno-small-business\\\/\",\"name\":\"TecnoLoide Tecnologia - Tecno Small Business\",\"isPartOf\":{\"@id\":\"https:\\\/\\\/tecnoloide.com.br\\\/site\\\/#website\"},\"primaryImageOfPage\":{\"@id\":\"https:\\\/\\\/tecnoloide.com.br\\\/site\\\/tecno-small-business\\\/#primaryimage\"},\"image\":{\"@id\":\"https:\\\/\\\/tecnoloide.com.br\\\/site\\\/tecno-small-business\\\/#primaryimage\"},\"thumbnailUrl\":\"https:\\\/\\\/i0.wp.com\\\/tecnoloide.com.br\\\/site\\\/wp-content\\\/uploads\\\/2023\\\/04\\\/Technology-Small-Business.jpg?fit=2560%2C1440&ssl=1\",\"datePublished\":\"2023-04-09T14:28:55+00:00\",\"dateModified\":\"2023-10-23T10:31:39+00:00\",\"breadcrumb\":{\"@id\":\"https:\\\/\\\/tecnoloide.com.br\\\/site\\\/tecno-small-business\\\/#breadcrumb\"},\"inLanguage\":\"pt-BR\",\"potentialAction\":[{\"@type\":\"ReadAction\",\"target\":[\"https:\\\/\\\/tecnoloide.com.br\\\/site\\\/tecno-small-business\\\/\"]}]},{\"@type\":\"ImageObject\",\"inLanguage\":\"pt-BR\",\"@id\":\"https:\\\/\\\/tecnoloide.com.br\\\/site\\\/tecno-small-business\\\/#primaryimage\",\"url\":\"https:\\\/\\\/i0.wp.com\\\/tecnoloide.com.br\\\/site\\\/wp-content\\\/uploads\\\/2023\\\/04\\\/Technology-Small-Business.jpg?fit=2560%2C1440&ssl=1\",\"contentUrl\":\"https:\\\/\\\/i0.wp.com\\\/tecnoloide.com.br\\\/site\\\/wp-content\\\/uploads\\\/2023\\\/04\\\/Technology-Small-Business.jpg?fit=2560%2C1440&ssl=1\",\"width\":2560,\"height\":1440,\"caption\":\"Tecno Small Business TecnoLoide Tecnologia\"},{\"@type\":\"BreadcrumbList\",\"@id\":\"https:\\\/\\\/tecnoloide.com.br\\\/site\\\/tecno-small-business\\\/#breadcrumb\",\"itemListElement\":[{\"@type\":\"ListItem\",\"position\":1,\"name\":\"In\u00edcio\",\"item\":\"https:\\\/\\\/tecnoloide.com.br\\\/site\\\/\"},{\"@type\":\"ListItem\",\"position\":2,\"name\":\"Tecno Small Business\"}]},{\"@type\":\"WebSite\",\"@id\":\"https:\\\/\\\/tecnoloide.com.br\\\/site\\\/#website\",\"url\":\"https:\\\/\\\/tecnoloide.com.br\\\/site\\\/\",\"name\":\"TecnoLoide Tecnologia\",\"description\":\"Tecnologia | Consultoria de TI\",\"publisher\":{\"@id\":\"https:\\\/\\\/tecnoloide.com.br\\\/site\\\/#organization\"},\"potentialAction\":[{\"@type\":\"SearchAction\",\"target\":{\"@type\":\"EntryPoint\",\"urlTemplate\":\"https:\\\/\\\/tecnoloide.com.br\\\/site\\\/?s={search_term_string}\"},\"query-input\":{\"@type\":\"PropertyValueSpecification\",\"valueRequired\":true,\"valueName\":\"search_term_string\"}}],\"inLanguage\":\"pt-BR\"},{\"@type\":\"Organization\",\"@id\":\"https:\\\/\\\/tecnoloide.com.br\\\/site\\\/#organization\",\"name\":\"TecnoLoide Tecnologia\",\"url\":\"https:\\\/\\\/tecnoloide.com.br\\\/site\\\/\",\"logo\":{\"@type\":\"ImageObject\",\"inLanguage\":\"pt-BR\",\"@id\":\"https:\\\/\\\/tecnoloide.com.br\\\/site\\\/#\\\/schema\\\/logo\\\/image\\\/\",\"url\":\"https:\\\/\\\/tecnoloide.com.br\\\/site\\\/wp-content\\\/uploads\\\/2020\\\/03\\\/Logo.png\",\"contentUrl\":\"https:\\\/\\\/tecnoloide.com.br\\\/site\\\/wp-content\\\/uploads\\\/2020\\\/03\\\/Logo.png\",\"width\":2059,\"height\":907,\"caption\":\"TecnoLoide Tecnologia\"},\"image\":{\"@id\":\"https:\\\/\\\/tecnoloide.com.br\\\/site\\\/#\\\/schema\\\/logo\\\/image\\\/\"},\"sameAs\":[\"https:\\\/\\\/www.linkedin.com\\\/company\\\/tecnoloide\\\/\"]}]}<\/script>\n<!-- \/ Yoast SEO plugin. -->","yoast_head_json":{"title":"TecnoLoide Tecnologia - Tecno Small Business","robots":{"index":"index","follow":"follow","max-snippet":"max-snippet:-1","max-image-preview":"max-image-preview:large","max-video-preview":"max-video-preview:-1"},"canonical":"https:\/\/tecnoloide.com.br\/site\/tecno-small-business\/","og_locale":"pt_BR","og_type":"article","og_title":"TecnoLoide Tecnologia - Tecno Small Business","og_description":"Sabemos que, para o pequeno empres\u00e1rio, em um mercado altamente competitivo, \u00e9 essencial que empresas de todos os tamanhos tenham acesso \u00e0s tecnologias mais avan\u00e7adas. Por isso, a TecnoLoide Tecnologia agora tamb\u00e9m oferece solu\u00e7\u00f5es tecnol\u00f3gicas para pequenas empresas como a sua. Temos orgulho em ser uma empresa reconhecida por oferecer solu\u00e7\u00f5es tecnol\u00f3gicas para grandes empresas&nbsp;&hellip;","og_url":"https:\/\/tecnoloide.com.br\/site\/tecno-small-business\/","og_site_name":"TecnoLoide Tecnologia","article_modified_time":"2023-10-23T10:31:39+00:00","og_image":[{"width":2560,"height":1440,"url":"https:\/\/tecnoloide.com.br\/site\/wp-content\/uploads\/2023\/04\/Technology-Small-Business.jpg","type":"image\/jpeg"}],"twitter_card":"summary_large_image","twitter_misc":{"Est. tempo de leitura":"2 minutos"},"schema":{"@context":"https:\/\/schema.org","@graph":[{"@type":"WebPage","@id":"https:\/\/tecnoloide.com.br\/site\/tecno-small-business\/","url":"https:\/\/tecnoloide.com.br\/site\/tecno-small-business\/","name":"TecnoLoide Tecnologia - Tecno Small Business","isPartOf":{"@id":"https:\/\/tecnoloide.com.br\/site\/#website"},"primaryImageOfPage":{"@id":"https:\/\/tecnoloide.com.br\/site\/tecno-small-business\/#primaryimage"},"image":{"@id":"https:\/\/tecnoloide.com.br\/site\/tecno-small-business\/#primaryimage"},"thumbnailUrl":"https:\/\/i0.wp.com\/tecnoloide.com.br\/site\/wp-content\/uploads\/2023\/04\/Technology-Small-Business.jpg?fit=2560%2C1440&ssl=1","datePublished":"2023-04-09T14:28:55+00:00","dateModified":"2023-10-23T10:31:39+00:00","breadcrumb":{"@id":"https:\/\/tecnoloide.com.br\/site\/tecno-small-business\/#breadcrumb"},"inLanguage":"pt-BR","potentialAction":[{"@type":"ReadAction","target":["https:\/\/tecnoloide.com.br\/site\/tecno-small-business\/"]}]},{"@type":"ImageObject","inLanguage":"pt-BR","@id":"https:\/\/tecnoloide.com.br\/site\/tecno-small-business\/#primaryimage","url":"https:\/\/i0.wp.com\/tecnoloide.com.br\/site\/wp-content\/uploads\/2023\/04\/Technology-Small-Business.jpg?fit=2560%2C1440&ssl=1","contentUrl":"https:\/\/i0.wp.com\/tecnoloide.com.br\/site\/wp-content\/uploads\/2023\/04\/Technology-Small-Business.jpg?fit=2560%2C1440&ssl=1","width":2560,"height":1440,"caption":"Tecno Small Business TecnoLoide Tecnologia"},{"@type":"BreadcrumbList","@id":"https:\/\/tecnoloide.com.br\/site\/tecno-small-business\/#breadcrumb","itemListElement":[{"@type":"ListItem","position":1,"name":"In\u00edcio","item":"https:\/\/tecnoloide.com.br\/site\/"},{"@type":"ListItem","position":2,"name":"Tecno Small Business"}]},{"@type":"WebSite","@id":"https:\/\/tecnoloide.com.br\/site\/#website","url":"https:\/\/tecnoloide.com.br\/site\/","name":"TecnoLoide Tecnologia","description":"Tecnologia | Consultoria de TI","publisher":{"@id":"https:\/\/tecnoloide.com.br\/site\/#organization"},"potentialAction":[{"@type":"SearchAction","target":{"@type":"EntryPoint","urlTemplate":"https:\/\/tecnoloide.com.br\/site\/?s={search_term_string}"},"query-input":{"@type":"PropertyValueSpecification","valueRequired":true,"valueName":"search_term_string"}}],"inLanguage":"pt-BR"},{"@type":"Organization","@id":"https:\/\/tecnoloide.com.br\/site\/#organization","name":"TecnoLoide Tecnologia","url":"https:\/\/tecnoloide.com.br\/site\/","logo":{"@type":"ImageObject","inLanguage":"pt-BR","@id":"https:\/\/tecnoloide.com.br\/site\/#\/schema\/logo\/image\/","url":"https:\/\/tecnoloide.com.br\/site\/wp-content\/uploads\/2020\/03\/Logo.png","contentUrl":"https:\/\/tecnoloide.com.br\/site\/wp-content\/uploads\/2020\/03\/Logo.png","width":2059,"height":907,"caption":"TecnoLoide Tecnologia"},"image":{"@id":"https:\/\/tecnoloide.com.br\/site\/#\/schema\/logo\/image\/"},"sameAs":["https:\/\/www.linkedin.com\/company\/tecnoloide\/"]}]}},"jetpack_sharing_enabled":true,"jetpack-related-posts":[{"id":607,"url":"https:\/\/tecnoloide.com.br\/site\/cloud\/","url_meta":{"origin":1026,"position":0},"title":"Impulsione a Inova\u00e7\u00e3o e Escalabilidade da sua Empresa com a Migra\u00e7\u00e3o Estrat\u00e9gica para a Nuvem e a Solu\u00e7\u00e3o de Datacenter Pr\u00f3prio da TecnoLoide Tecnologia","author":"Danilo Arouca","date":"12\/04\/2022","format":false,"excerpt":"A migra\u00e7\u00e3o para a nuvem representa uma oportunidade transformadora para empresas que buscam agilidade, escalabilidade e otimiza\u00e7\u00e3o de custos. Na TecnoLoide Tecnologia, somos seus parceiros estrat\u00e9gicos, oferecendo assessoria completa e especializada em todo o processo de transi\u00e7\u00e3o para ambientes de nuvem, garantindo uma jornada segura, eficiente e alinhada aos seus\u2026","rel":"","context":"Post similar","block_context":{"text":"Post similar","link":""},"img":{"alt_text":"Cloud TecnoLoide Tecnologia","src":"https:\/\/i0.wp.com\/tecnoloide.com.br\/site\/wp-content\/uploads\/2022\/04\/network-g6cd7a4cff_1920.jpg?fit=1200%2C800&ssl=1&resize=350%2C200","width":350,"height":200,"srcset":"https:\/\/i0.wp.com\/tecnoloide.com.br\/site\/wp-content\/uploads\/2022\/04\/network-g6cd7a4cff_1920.jpg?fit=1200%2C800&ssl=1&resize=350%2C200 1x, https:\/\/i0.wp.com\/tecnoloide.com.br\/site\/wp-content\/uploads\/2022\/04\/network-g6cd7a4cff_1920.jpg?fit=1200%2C800&ssl=1&resize=525%2C300 1.5x, https:\/\/i0.wp.com\/tecnoloide.com.br\/site\/wp-content\/uploads\/2022\/04\/network-g6cd7a4cff_1920.jpg?fit=1200%2C800&ssl=1&resize=700%2C400 2x, https:\/\/i0.wp.com\/tecnoloide.com.br\/site\/wp-content\/uploads\/2022\/04\/network-g6cd7a4cff_1920.jpg?fit=1200%2C800&ssl=1&resize=1050%2C600 3x"},"classes":[]},{"id":718,"url":"https:\/\/tecnoloide.com.br\/site\/e-mail-profissional\/","url_meta":{"origin":1026,"position":1},"title":"E-mail Profissional","author":"Danilo Arouca","date":"12\/04\/2022","format":false,"excerpt":"Na TecnoLoide Tecnologia temos solu\u00e7\u00f5es de e-mail dedicada, onde alocamos um servidor exclusivo para sua empresa como seja necess\u00e1rio. Como tamb\u00e9m distribu\u00edmos solu\u00e7\u00f5es compartilhadas entre Zimbra e Microsoft Exchange. Desse modo, sua empresa investe apenas o valor das contas necess\u00e1rias para o perfeito funcionamento. Todas as solu\u00e7\u00f5es contam com alto\u2026","rel":"","context":"Post similar","block_context":{"text":"Post similar","link":""},"img":{"alt_text":"E-mail TecnoLoide Tecnologia","src":"https:\/\/i0.wp.com\/tecnoloide.com.br\/site\/wp-content\/uploads\/2022\/04\/businessman-g0aa019a36_1920.jpg?fit=1200%2C751&ssl=1&resize=350%2C200","width":350,"height":200,"srcset":"https:\/\/i0.wp.com\/tecnoloide.com.br\/site\/wp-content\/uploads\/2022\/04\/businessman-g0aa019a36_1920.jpg?fit=1200%2C751&ssl=1&resize=350%2C200 1x, https:\/\/i0.wp.com\/tecnoloide.com.br\/site\/wp-content\/uploads\/2022\/04\/businessman-g0aa019a36_1920.jpg?fit=1200%2C751&ssl=1&resize=525%2C300 1.5x, https:\/\/i0.wp.com\/tecnoloide.com.br\/site\/wp-content\/uploads\/2022\/04\/businessman-g0aa019a36_1920.jpg?fit=1200%2C751&ssl=1&resize=700%2C400 2x, https:\/\/i0.wp.com\/tecnoloide.com.br\/site\/wp-content\/uploads\/2022\/04\/businessman-g0aa019a36_1920.jpg?fit=1200%2C751&ssl=1&resize=1050%2C600 3x"},"classes":[]},{"id":592,"url":"https:\/\/tecnoloide.com.br\/site\/outsourcing-tecnologia\/","url_meta":{"origin":1026,"position":2},"title":"Outsourcing Tecnologia","author":"Danilo Arouca","date":"27\/02\/2022","format":false,"excerpt":"A TecnoLoide Tecnologia conta com outsourcing abrangente, alocando colaboradores presenciais para sua infraestrutura e desenvolvimento. Al\u00e9m de contar com solu\u00e7\u00f5es de aloca\u00e7\u00e3o remota para ger\u00eancia de projetos, testes de sistemas e desenvolvimento.Todos os profissionais ou solu\u00e7\u00f5es contam com a administra\u00e7\u00e3o de time da TecnoLoide. Desse modo, n\u00e3o se preocupando com\u2026","rel":"","context":"Post similar","block_context":{"text":"Post similar","link":""},"img":{"alt_text":"Outsourcing TecnoLoide Tecnologia","src":"https:\/\/i0.wp.com\/tecnoloide.com.br\/site\/wp-content\/uploads\/2022\/02\/laptop-g61502de64_1920.jpg?fit=1200%2C859&ssl=1&resize=350%2C200","width":350,"height":200,"srcset":"https:\/\/i0.wp.com\/tecnoloide.com.br\/site\/wp-content\/uploads\/2022\/02\/laptop-g61502de64_1920.jpg?fit=1200%2C859&ssl=1&resize=350%2C200 1x, https:\/\/i0.wp.com\/tecnoloide.com.br\/site\/wp-content\/uploads\/2022\/02\/laptop-g61502de64_1920.jpg?fit=1200%2C859&ssl=1&resize=525%2C300 1.5x, https:\/\/i0.wp.com\/tecnoloide.com.br\/site\/wp-content\/uploads\/2022\/02\/laptop-g61502de64_1920.jpg?fit=1200%2C859&ssl=1&resize=700%2C400 2x, https:\/\/i0.wp.com\/tecnoloide.com.br\/site\/wp-content\/uploads\/2022\/02\/laptop-g61502de64_1920.jpg?fit=1200%2C859&ssl=1&resize=1050%2C600 3x"},"classes":[]},{"id":709,"url":"https:\/\/tecnoloide.com.br\/site\/hospedagem-profissional\/","url_meta":{"origin":1026,"position":3},"title":"Hospedagem Profissional","author":"Danilo Arouca","date":"12\/04\/2022","format":false,"excerpt":"Com a Hospedagem Profissional da TecnoLoide Tecnologia, sua empresa n\u00e3o precisar\u00e1 mais se preocupar com a disponibilidade do site ou e-commerce. Temos solu\u00e7\u00f5es compartilhadas para pequenos sites institucionais, pequenos e-commerce e p\u00e1ginas de vendas. Assim como solu\u00e7\u00f5es dedicadas para grandes performances e entregas. Trabalhando com AWS, Google Cloud e Azure.\u2026","rel":"","context":"Post similar","block_context":{"text":"Post similar","link":""},"img":{"alt_text":"Hospedagem profissional TecnoLoide Tecnologia","src":"https:\/\/i0.wp.com\/tecnoloide.com.br\/site\/wp-content\/uploads\/2022\/04\/cloud-g736ca80ff_1920.jpg?fit=1200%2C675&ssl=1&resize=350%2C200","width":350,"height":200,"srcset":"https:\/\/i0.wp.com\/tecnoloide.com.br\/site\/wp-content\/uploads\/2022\/04\/cloud-g736ca80ff_1920.jpg?fit=1200%2C675&ssl=1&resize=350%2C200 1x, https:\/\/i0.wp.com\/tecnoloide.com.br\/site\/wp-content\/uploads\/2022\/04\/cloud-g736ca80ff_1920.jpg?fit=1200%2C675&ssl=1&resize=525%2C300 1.5x, https:\/\/i0.wp.com\/tecnoloide.com.br\/site\/wp-content\/uploads\/2022\/04\/cloud-g736ca80ff_1920.jpg?fit=1200%2C675&ssl=1&resize=700%2C400 2x, https:\/\/i0.wp.com\/tecnoloide.com.br\/site\/wp-content\/uploads\/2022\/04\/cloud-g736ca80ff_1920.jpg?fit=1200%2C675&ssl=1&resize=1050%2C600 3x"},"classes":[]},{"id":577,"url":"https:\/\/tecnoloide.com.br\/site\/consultoria-especializada\/","url_meta":{"origin":1026,"position":4},"title":"Desbloqueie o Potencial Inovador do seu Departamento de TI com a Consultoria Especializada da TecnoLoide Tecnologia, Incluindo a Certifica\u00e7\u00e3o ISO 27001","author":"Danilo Arouca","date":"27\/02\/2022","format":false,"excerpt":"Seu departamento de TI possui o potencial de ser um motor de inova\u00e7\u00e3o e crescimento para sua empresa. No entanto, muitas vezes, a rotina operacional e a falta de metodologias otimizadas podem impedir que sua equipe alcance o desempenho m\u00e1ximo, resultando em atrasos em projetos cruciais e na dificuldade de\u2026","rel":"","context":"Post similar","block_context":{"text":"Post similar","link":""},"img":{"alt_text":"Consultoria TecnoLoide Tecnologia","src":"https:\/\/i0.wp.com\/tecnoloide.com.br\/site\/wp-content\/uploads\/2022\/02\/consulting-gbe53d11e6_1920.jpg?fit=1200%2C799&ssl=1&resize=350%2C200","width":350,"height":200,"srcset":"https:\/\/i0.wp.com\/tecnoloide.com.br\/site\/wp-content\/uploads\/2022\/02\/consulting-gbe53d11e6_1920.jpg?fit=1200%2C799&ssl=1&resize=350%2C200 1x, https:\/\/i0.wp.com\/tecnoloide.com.br\/site\/wp-content\/uploads\/2022\/02\/consulting-gbe53d11e6_1920.jpg?fit=1200%2C799&ssl=1&resize=525%2C300 1.5x, https:\/\/i0.wp.com\/tecnoloide.com.br\/site\/wp-content\/uploads\/2022\/02\/consulting-gbe53d11e6_1920.jpg?fit=1200%2C799&ssl=1&resize=700%2C400 2x, https:\/\/i0.wp.com\/tecnoloide.com.br\/site\/wp-content\/uploads\/2022\/02\/consulting-gbe53d11e6_1920.jpg?fit=1200%2C799&ssl=1&resize=1050%2C600 3x"},"classes":[]},{"id":734,"url":"https:\/\/tecnoloide.com.br\/site\/arquivos-na-nuvem\/","url_meta":{"origin":1026,"position":5},"title":"Arquivos na Nuvem","author":"Danilo Arouca","date":"12\/04\/2022","format":false,"excerpt":"Leve seus arquivos para nuvem e n\u00e3o dependa mais do File Server local da sua empresa. Tenha sempre acesso aos seus documentos, n\u00e3o importando o local de trabalho ou acesso a VPN. A TecnoLoide Tecnologia tem solu\u00e7\u00f5es profissionais de armazenamento de arquivos na nuvem, assim como um software para o\u2026","rel":"","context":"Post similar","block_context":{"text":"Post similar","link":""},"img":{"alt_text":"Backup TecnoLoide Tecnologia","src":"https:\/\/i0.wp.com\/tecnoloide.com.br\/site\/wp-content\/uploads\/2022\/04\/cloud-g40a21969b_1920.jpg?fit=1200%2C648&ssl=1&resize=350%2C200","width":350,"height":200,"srcset":"https:\/\/i0.wp.com\/tecnoloide.com.br\/site\/wp-content\/uploads\/2022\/04\/cloud-g40a21969b_1920.jpg?fit=1200%2C648&ssl=1&resize=350%2C200 1x, https:\/\/i0.wp.com\/tecnoloide.com.br\/site\/wp-content\/uploads\/2022\/04\/cloud-g40a21969b_1920.jpg?fit=1200%2C648&ssl=1&resize=525%2C300 1.5x, https:\/\/i0.wp.com\/tecnoloide.com.br\/site\/wp-content\/uploads\/2022\/04\/cloud-g40a21969b_1920.jpg?fit=1200%2C648&ssl=1&resize=700%2C400 2x, https:\/\/i0.wp.com\/tecnoloide.com.br\/site\/wp-content\/uploads\/2022\/04\/cloud-g40a21969b_1920.jpg?fit=1200%2C648&ssl=1&resize=1050%2C600 3x"},"classes":[]}],"jetpack_likes_enabled":false,"_links":{"self":[{"href":"https:\/\/tecnoloide.com.br\/site\/wp-json\/wp\/v2\/pages\/1026","targetHints":{"allow":["GET"]}}],"collection":[{"href":"https:\/\/tecnoloide.com.br\/site\/wp-json\/wp\/v2\/pages"}],"about":[{"href":"https:\/\/tecnoloide.com.br\/site\/wp-json\/wp\/v2\/types\/page"}],"author":[{"embeddable":true,"href":"https:\/\/tecnoloide.com.br\/site\/wp-json\/wp\/v2\/users\/1"}],"replies":[{"embeddable":true,"href":"https:\/\/tecnoloide.com.br\/site\/wp-json\/wp\/v2\/comments?post=1026"}],"version-history":[{"count":5,"href":"https:\/\/tecnoloide.com.br\/site\/wp-json\/wp\/v2\/pages\/1026\/revisions"}],"predecessor-version":[{"id":1165,"href":"https:\/\/tecnoloide.com.br\/site\/wp-json\/wp\/v2\/pages\/1026\/revisions\/1165"}],"wp:featuredmedia":[{"embeddable":true,"href":"https:\/\/tecnoloide.com.br\/site\/wp-json\/wp\/v2\/media\/1027"}],"wp:attachment":[{"href":"https:\/\/tecnoloide.com.br\/site\/wp-json\/wp\/v2\/media?parent=1026"}],"curies":[{"name":"wp","href":"https:\/\/api.w.org\/{rel}","templated":true}]}}