{"id":586,"date":"2022-02-27T12:48:27","date_gmt":"2022-02-27T15:48:27","guid":{"rendered":"https:\/\/tecnoloide.com.br\/site\/?page_id=586"},"modified":"2022-02-27T13:14:51","modified_gmt":"2022-02-27T16:14:51","slug":"seguranca-firewall","status":"publish","type":"page","link":"https:\/\/tecnoloide.com.br\/site\/seguranca-firewall\/","title":{"rendered":"Seguran\u00e7a (Firewall)"},"content":{"rendered":"\n<p>A TecnoLoide Tecnologia conta com um sistema de Firewall complet\u00edssimo. Onde \u00e9 poss\u00edvel bloquear sites, aplicativos, QOS, Load Balance, VPN e todas as outras necessidades necess\u00e1rias para o perfeito funcionamento do sistema de seguran\u00e7a da sua empresa.<br><br>Implantamos um appliance com nosso sistema e faremos o gerenciamento do mesmo para o perfeito funcionamento. Ou podemos utilizar um equipamento pr\u00f3prio do cliente para aplicar a solu\u00e7\u00e3o.<br><br>O maior benef\u00edcio do nosso Firewall \u00e9 a forma de pagamento, onde a empresa paga apenas por licen\u00e7a utilizada. Dispensando as altas licen\u00e7as dos Firewall tradicionais. Veja alguns itens da solu\u00e7\u00e3o.<br><br><img data-recalc-dims=\"1\" loading=\"lazy\" decoding=\"async\" width=\"800\" height=\"449\" class=\"wp-image-599\" style=\"width: 800px;\" src=\"https:\/\/i0.wp.com\/tecnoloide.com.br\/site\/wp-content\/uploads\/2022\/02\/Captura-de-Tela-2022-02-27-a%CC%80s-13.05.00.png?resize=800%2C449&#038;ssl=1\" alt=\"Firewall TecnoLoide Tecnologia\" srcset=\"https:\/\/i0.wp.com\/tecnoloide.com.br\/site\/wp-content\/uploads\/2022\/02\/Captura-de-Tela-2022-02-27-a%CC%80s-13.05.00.png?w=2186&amp;ssl=1 2186w, https:\/\/i0.wp.com\/tecnoloide.com.br\/site\/wp-content\/uploads\/2022\/02\/Captura-de-Tela-2022-02-27-a%CC%80s-13.05.00.png?resize=300%2C169&amp;ssl=1 300w, https:\/\/i0.wp.com\/tecnoloide.com.br\/site\/wp-content\/uploads\/2022\/02\/Captura-de-Tela-2022-02-27-a%CC%80s-13.05.00.png?resize=1024%2C575&amp;ssl=1 1024w, https:\/\/i0.wp.com\/tecnoloide.com.br\/site\/wp-content\/uploads\/2022\/02\/Captura-de-Tela-2022-02-27-a%CC%80s-13.05.00.png?resize=768%2C431&amp;ssl=1 768w, https:\/\/i0.wp.com\/tecnoloide.com.br\/site\/wp-content\/uploads\/2022\/02\/Captura-de-Tela-2022-02-27-a%CC%80s-13.05.00.png?resize=1536%2C863&amp;ssl=1 1536w, https:\/\/i0.wp.com\/tecnoloide.com.br\/site\/wp-content\/uploads\/2022\/02\/Captura-de-Tela-2022-02-27-a%CC%80s-13.05.00.png?resize=2048%2C1150&amp;ssl=1 2048w, https:\/\/i0.wp.com\/tecnoloide.com.br\/site\/wp-content\/uploads\/2022\/02\/Captura-de-Tela-2022-02-27-a%CC%80s-13.05.00.png?resize=1232%2C692&amp;ssl=1 1232w, https:\/\/i0.wp.com\/tecnoloide.com.br\/site\/wp-content\/uploads\/2022\/02\/Captura-de-Tela-2022-02-27-a%CC%80s-13.05.00.png?resize=1920%2C1080&amp;ssl=1 1920w\" sizes=\"auto, (max-width: 800px) 100vw, 800px\" \/><br><br>Al\u00e9m de contar com parceiros para fornecimento de licen\u00e7as de antiv\u00edrus para as esta\u00e7\u00f5es e servidores da sua empresa.<br><br>Saiba mais entrando em contato<br>\n<div class=\"wpcf7 no-js\" id=\"wpcf7-f49-o1\" lang=\"pt-BR\" dir=\"ltr\" data-wpcf7-id=\"49\">\n<div class=\"screen-reader-response\"><p role=\"status\" aria-live=\"polite\" aria-atomic=\"true\"><\/p> <ul><\/ul><\/div>\n<form action=\"\/site\/wp-json\/wp\/v2\/pages\/586#wpcf7-f49-o1\" method=\"post\" class=\"wpcf7-form init\" aria-label=\"Formul\u00e1rios de contato\" novalidate=\"novalidate\" data-status=\"init\">\n<fieldset class=\"hidden-fields-container\"><input type=\"hidden\" name=\"_wpcf7\" value=\"49\" \/><input type=\"hidden\" name=\"_wpcf7_version\" value=\"6.1.5\" \/><input type=\"hidden\" name=\"_wpcf7_locale\" value=\"pt_BR\" \/><input type=\"hidden\" name=\"_wpcf7_unit_tag\" value=\"wpcf7-f49-o1\" \/><input type=\"hidden\" name=\"_wpcf7_container_post\" value=\"0\" \/><input type=\"hidden\" name=\"_wpcf7_posted_data_hash\" value=\"\" \/><input type=\"hidden\" name=\"_wpcf7_recaptcha_response\" value=\"\" \/>\n<\/fieldset>\n<p><label> Nome*<br \/>\n<span class=\"wpcf7-form-control-wrap\" data-name=\"your-name\"><input size=\"40\" maxlength=\"400\" class=\"wpcf7-form-control wpcf7-text wpcf7-validates-as-required\" aria-required=\"true\" aria-invalid=\"false\" value=\"\" type=\"text\" name=\"your-name\" \/><\/span> <\/label>\n<\/p>\n<p><label> E-mail*<br \/>\n<span class=\"wpcf7-form-control-wrap\" data-name=\"your-email\"><input size=\"40\" maxlength=\"400\" class=\"wpcf7-form-control wpcf7-email wpcf7-validates-as-required wpcf7-text wpcf7-validates-as-email\" aria-required=\"true\" aria-invalid=\"false\" value=\"\" type=\"email\" name=\"your-email\" \/><\/span> <\/label>\n<\/p>\n<p><label> Assunto<br \/>\n<span class=\"wpcf7-form-control-wrap\" data-name=\"your-subject\"><input size=\"40\" maxlength=\"400\" class=\"wpcf7-form-control wpcf7-text\" aria-invalid=\"false\" value=\"\" type=\"text\" name=\"your-subject\" \/><\/span> <\/label>\n<\/p>\n<p><label> Mensagem<br \/>\n<span class=\"wpcf7-form-control-wrap\" data-name=\"your-message\"><textarea cols=\"40\" rows=\"10\" maxlength=\"2000\" class=\"wpcf7-form-control wpcf7-textarea\" aria-invalid=\"false\" name=\"your-message\"><\/textarea><\/span> <\/label>\n<\/p>\n<p><input class=\"wpcf7-form-control wpcf7-submit has-spinner\" type=\"submit\" value=\"Enviar\" \/>\n<\/p><p style=\"display: none !important;\" class=\"akismet-fields-container\" data-prefix=\"_wpcf7_ak_\"><label>&#916;<textarea name=\"_wpcf7_ak_hp_textarea\" cols=\"45\" rows=\"8\" maxlength=\"100\"><\/textarea><\/label><input type=\"hidden\" id=\"ak_js_1\" name=\"_wpcf7_ak_js\" value=\"190\"\/><script type=\"text\/javascript\">\n\/* <![CDATA[ *\/\ndocument.getElementById( \"ak_js_1\" ).setAttribute( \"value\", ( new Date() ).getTime() );\n\/* ]]> *\/\n<\/script>\n<\/p><div class=\"wpcf7-response-output\" aria-hidden=\"true\"><\/div>\n<\/form>\n<\/div>\n<\/p>\n","protected":false},"excerpt":{"rendered":"<p>A TecnoLoide Tecnologia conta com um sistema de Firewall complet\u00edssimo. Onde \u00e9 poss\u00edvel bloquear sites, aplicativos, QOS, Load Balance, VPN e todas as outras necessidades necess\u00e1rias para o perfeito funcionamento do sistema de seguran\u00e7a da sua empresa. Implantamos um appliance com nosso sistema e faremos o gerenciamento do mesmo para o perfeito funcionamento. Ou podemos&nbsp;&hellip;<\/p>\n","protected":false},"author":1,"featured_media":600,"parent":0,"menu_order":0,"comment_status":"closed","ping_status":"closed","template":"","meta":{"content-type":"","footnotes":""},"class_list":["post-586","page","type-page","status-publish","has-post-thumbnail","hentry"],"yoast_head":"<!-- This site is optimized with the Yoast SEO plugin v27.5 - https:\/\/yoast.com\/product\/yoast-seo-wordpress\/ -->\n<title>TecnoLoide Tecnologia - Seguran\u00e7a (Firewall)<\/title>\n<meta name=\"robots\" content=\"index, follow, max-snippet:-1, max-image-preview:large, max-video-preview:-1\" \/>\n<link rel=\"canonical\" href=\"https:\/\/tecnoloide.com.br\/site\/seguranca-firewall\/\" \/>\n<meta property=\"og:locale\" content=\"pt_BR\" \/>\n<meta property=\"og:type\" content=\"article\" \/>\n<meta property=\"og:title\" content=\"TecnoLoide Tecnologia - Seguran\u00e7a (Firewall)\" \/>\n<meta property=\"og:description\" content=\"A TecnoLoide Tecnologia conta com um sistema de Firewall complet\u00edssimo. Onde \u00e9 poss\u00edvel bloquear sites, aplicativos, QOS, Load Balance, VPN e todas as outras necessidades necess\u00e1rias para o perfeito funcionamento do sistema de seguran\u00e7a da sua empresa. Implantamos um appliance com nosso sistema e faremos o gerenciamento do mesmo para o perfeito funcionamento. Ou podemos&nbsp;&hellip;\" \/>\n<meta property=\"og:url\" content=\"https:\/\/tecnoloide.com.br\/site\/seguranca-firewall\/\" \/>\n<meta property=\"og:site_name\" content=\"TecnoLoide Tecnologia\" \/>\n<meta property=\"article:modified_time\" content=\"2022-02-27T16:14:51+00:00\" \/>\n<meta property=\"og:image\" content=\"https:\/\/tecnoloide.com.br\/site\/wp-content\/uploads\/2022\/02\/hacking-gae2577f4d_1920.jpg\" \/>\n\t<meta property=\"og:image:width\" content=\"1920\" \/>\n\t<meta property=\"og:image:height\" content=\"1280\" \/>\n\t<meta property=\"og:image:type\" content=\"image\/jpeg\" \/>\n<meta name=\"twitter:card\" content=\"summary_large_image\" \/>\n<meta name=\"twitter:label1\" content=\"Est. tempo de leitura\" \/>\n\t<meta name=\"twitter:data1\" content=\"1 minuto\" \/>\n<script type=\"application\/ld+json\" class=\"yoast-schema-graph\">{\"@context\":\"https:\\\/\\\/schema.org\",\"@graph\":[{\"@type\":\"WebPage\",\"@id\":\"https:\\\/\\\/tecnoloide.com.br\\\/site\\\/seguranca-firewall\\\/\",\"url\":\"https:\\\/\\\/tecnoloide.com.br\\\/site\\\/seguranca-firewall\\\/\",\"name\":\"TecnoLoide Tecnologia - Seguran\u00e7a (Firewall)\",\"isPartOf\":{\"@id\":\"https:\\\/\\\/tecnoloide.com.br\\\/site\\\/#website\"},\"primaryImageOfPage\":{\"@id\":\"https:\\\/\\\/tecnoloide.com.br\\\/site\\\/seguranca-firewall\\\/#primaryimage\"},\"image\":{\"@id\":\"https:\\\/\\\/tecnoloide.com.br\\\/site\\\/seguranca-firewall\\\/#primaryimage\"},\"thumbnailUrl\":\"https:\\\/\\\/i0.wp.com\\\/tecnoloide.com.br\\\/site\\\/wp-content\\\/uploads\\\/2022\\\/02\\\/hacking-gae2577f4d_1920.jpg?fit=1920%2C1280&ssl=1\",\"datePublished\":\"2022-02-27T15:48:27+00:00\",\"dateModified\":\"2022-02-27T16:14:51+00:00\",\"breadcrumb\":{\"@id\":\"https:\\\/\\\/tecnoloide.com.br\\\/site\\\/seguranca-firewall\\\/#breadcrumb\"},\"inLanguage\":\"pt-BR\",\"potentialAction\":[{\"@type\":\"ReadAction\",\"target\":[\"https:\\\/\\\/tecnoloide.com.br\\\/site\\\/seguranca-firewall\\\/\"]}]},{\"@type\":\"ImageObject\",\"inLanguage\":\"pt-BR\",\"@id\":\"https:\\\/\\\/tecnoloide.com.br\\\/site\\\/seguranca-firewall\\\/#primaryimage\",\"url\":\"https:\\\/\\\/i0.wp.com\\\/tecnoloide.com.br\\\/site\\\/wp-content\\\/uploads\\\/2022\\\/02\\\/hacking-gae2577f4d_1920.jpg?fit=1920%2C1280&ssl=1\",\"contentUrl\":\"https:\\\/\\\/i0.wp.com\\\/tecnoloide.com.br\\\/site\\\/wp-content\\\/uploads\\\/2022\\\/02\\\/hacking-gae2577f4d_1920.jpg?fit=1920%2C1280&ssl=1\",\"width\":1920,\"height\":1280,\"caption\":\"Firewall TecnoLoide Tecnologia 2\"},{\"@type\":\"BreadcrumbList\",\"@id\":\"https:\\\/\\\/tecnoloide.com.br\\\/site\\\/seguranca-firewall\\\/#breadcrumb\",\"itemListElement\":[{\"@type\":\"ListItem\",\"position\":1,\"name\":\"In\u00edcio\",\"item\":\"https:\\\/\\\/tecnoloide.com.br\\\/site\\\/\"},{\"@type\":\"ListItem\",\"position\":2,\"name\":\"Seguran\u00e7a (Firewall)\"}]},{\"@type\":\"WebSite\",\"@id\":\"https:\\\/\\\/tecnoloide.com.br\\\/site\\\/#website\",\"url\":\"https:\\\/\\\/tecnoloide.com.br\\\/site\\\/\",\"name\":\"TecnoLoide Tecnologia\",\"description\":\"Tecnologia | Consultoria de TI\",\"publisher\":{\"@id\":\"https:\\\/\\\/tecnoloide.com.br\\\/site\\\/#organization\"},\"potentialAction\":[{\"@type\":\"SearchAction\",\"target\":{\"@type\":\"EntryPoint\",\"urlTemplate\":\"https:\\\/\\\/tecnoloide.com.br\\\/site\\\/?s={search_term_string}\"},\"query-input\":{\"@type\":\"PropertyValueSpecification\",\"valueRequired\":true,\"valueName\":\"search_term_string\"}}],\"inLanguage\":\"pt-BR\"},{\"@type\":\"Organization\",\"@id\":\"https:\\\/\\\/tecnoloide.com.br\\\/site\\\/#organization\",\"name\":\"TecnoLoide Tecnologia\",\"url\":\"https:\\\/\\\/tecnoloide.com.br\\\/site\\\/\",\"logo\":{\"@type\":\"ImageObject\",\"inLanguage\":\"pt-BR\",\"@id\":\"https:\\\/\\\/tecnoloide.com.br\\\/site\\\/#\\\/schema\\\/logo\\\/image\\\/\",\"url\":\"https:\\\/\\\/tecnoloide.com.br\\\/site\\\/wp-content\\\/uploads\\\/2020\\\/03\\\/Logo.png\",\"contentUrl\":\"https:\\\/\\\/tecnoloide.com.br\\\/site\\\/wp-content\\\/uploads\\\/2020\\\/03\\\/Logo.png\",\"width\":2059,\"height\":907,\"caption\":\"TecnoLoide Tecnologia\"},\"image\":{\"@id\":\"https:\\\/\\\/tecnoloide.com.br\\\/site\\\/#\\\/schema\\\/logo\\\/image\\\/\"},\"sameAs\":[\"https:\\\/\\\/www.linkedin.com\\\/company\\\/tecnoloide\\\/\"]}]}<\/script>\n<!-- \/ Yoast SEO plugin. -->","yoast_head_json":{"title":"TecnoLoide Tecnologia - Seguran\u00e7a (Firewall)","robots":{"index":"index","follow":"follow","max-snippet":"max-snippet:-1","max-image-preview":"max-image-preview:large","max-video-preview":"max-video-preview:-1"},"canonical":"https:\/\/tecnoloide.com.br\/site\/seguranca-firewall\/","og_locale":"pt_BR","og_type":"article","og_title":"TecnoLoide Tecnologia - Seguran\u00e7a (Firewall)","og_description":"A TecnoLoide Tecnologia conta com um sistema de Firewall complet\u00edssimo. Onde \u00e9 poss\u00edvel bloquear sites, aplicativos, QOS, Load Balance, VPN e todas as outras necessidades necess\u00e1rias para o perfeito funcionamento do sistema de seguran\u00e7a da sua empresa. Implantamos um appliance com nosso sistema e faremos o gerenciamento do mesmo para o perfeito funcionamento. Ou podemos&nbsp;&hellip;","og_url":"https:\/\/tecnoloide.com.br\/site\/seguranca-firewall\/","og_site_name":"TecnoLoide Tecnologia","article_modified_time":"2022-02-27T16:14:51+00:00","og_image":[{"width":1920,"height":1280,"url":"https:\/\/tecnoloide.com.br\/site\/wp-content\/uploads\/2022\/02\/hacking-gae2577f4d_1920.jpg","type":"image\/jpeg"}],"twitter_card":"summary_large_image","twitter_misc":{"Est. tempo de leitura":"1 minuto"},"schema":{"@context":"https:\/\/schema.org","@graph":[{"@type":"WebPage","@id":"https:\/\/tecnoloide.com.br\/site\/seguranca-firewall\/","url":"https:\/\/tecnoloide.com.br\/site\/seguranca-firewall\/","name":"TecnoLoide Tecnologia - Seguran\u00e7a (Firewall)","isPartOf":{"@id":"https:\/\/tecnoloide.com.br\/site\/#website"},"primaryImageOfPage":{"@id":"https:\/\/tecnoloide.com.br\/site\/seguranca-firewall\/#primaryimage"},"image":{"@id":"https:\/\/tecnoloide.com.br\/site\/seguranca-firewall\/#primaryimage"},"thumbnailUrl":"https:\/\/i0.wp.com\/tecnoloide.com.br\/site\/wp-content\/uploads\/2022\/02\/hacking-gae2577f4d_1920.jpg?fit=1920%2C1280&ssl=1","datePublished":"2022-02-27T15:48:27+00:00","dateModified":"2022-02-27T16:14:51+00:00","breadcrumb":{"@id":"https:\/\/tecnoloide.com.br\/site\/seguranca-firewall\/#breadcrumb"},"inLanguage":"pt-BR","potentialAction":[{"@type":"ReadAction","target":["https:\/\/tecnoloide.com.br\/site\/seguranca-firewall\/"]}]},{"@type":"ImageObject","inLanguage":"pt-BR","@id":"https:\/\/tecnoloide.com.br\/site\/seguranca-firewall\/#primaryimage","url":"https:\/\/i0.wp.com\/tecnoloide.com.br\/site\/wp-content\/uploads\/2022\/02\/hacking-gae2577f4d_1920.jpg?fit=1920%2C1280&ssl=1","contentUrl":"https:\/\/i0.wp.com\/tecnoloide.com.br\/site\/wp-content\/uploads\/2022\/02\/hacking-gae2577f4d_1920.jpg?fit=1920%2C1280&ssl=1","width":1920,"height":1280,"caption":"Firewall TecnoLoide Tecnologia 2"},{"@type":"BreadcrumbList","@id":"https:\/\/tecnoloide.com.br\/site\/seguranca-firewall\/#breadcrumb","itemListElement":[{"@type":"ListItem","position":1,"name":"In\u00edcio","item":"https:\/\/tecnoloide.com.br\/site\/"},{"@type":"ListItem","position":2,"name":"Seguran\u00e7a (Firewall)"}]},{"@type":"WebSite","@id":"https:\/\/tecnoloide.com.br\/site\/#website","url":"https:\/\/tecnoloide.com.br\/site\/","name":"TecnoLoide Tecnologia","description":"Tecnologia | Consultoria de TI","publisher":{"@id":"https:\/\/tecnoloide.com.br\/site\/#organization"},"potentialAction":[{"@type":"SearchAction","target":{"@type":"EntryPoint","urlTemplate":"https:\/\/tecnoloide.com.br\/site\/?s={search_term_string}"},"query-input":{"@type":"PropertyValueSpecification","valueRequired":true,"valueName":"search_term_string"}}],"inLanguage":"pt-BR"},{"@type":"Organization","@id":"https:\/\/tecnoloide.com.br\/site\/#organization","name":"TecnoLoide Tecnologia","url":"https:\/\/tecnoloide.com.br\/site\/","logo":{"@type":"ImageObject","inLanguage":"pt-BR","@id":"https:\/\/tecnoloide.com.br\/site\/#\/schema\/logo\/image\/","url":"https:\/\/tecnoloide.com.br\/site\/wp-content\/uploads\/2020\/03\/Logo.png","contentUrl":"https:\/\/tecnoloide.com.br\/site\/wp-content\/uploads\/2020\/03\/Logo.png","width":2059,"height":907,"caption":"TecnoLoide Tecnologia"},"image":{"@id":"https:\/\/tecnoloide.com.br\/site\/#\/schema\/logo\/image\/"},"sameAs":["https:\/\/www.linkedin.com\/company\/tecnoloide\/"]}]}},"jetpack_sharing_enabled":true,"jetpack-related-posts":[{"id":12,"url":"https:\/\/tecnoloide.com.br\/site\/","url_meta":{"origin":586,"position":0},"title":"In\u00edcio","author":"Danilo Arouca","date":"22\/03\/2020","format":false,"excerpt":"Tecno Small Business Atendimento avan\u00e7ado da TecnoLoide Tecnologia para pequenos neg\u00f3cios. Saiba mais Tecno Smart Business Atendimento personalizado da TecnoLoide Tecnologia para sua empresa. Saiba mais Outsourcing Atendimento presencial em toda Grande S\u00e3o Paulo. Al\u00e9m de consultoria nacional. Saiba mais Alguns servi\u00e7os Entregamos todas as solu\u00e7\u00f5es necess\u00e1rias em tecnologia para\u2026","rel":"","context":"Post similar","block_context":{"text":"Post similar","link":""},"img":{"alt_text":"","src":"","width":0,"height":0},"classes":[]},{"id":718,"url":"https:\/\/tecnoloide.com.br\/site\/e-mail-profissional\/","url_meta":{"origin":586,"position":1},"title":"E-mail Profissional","author":"Danilo Arouca","date":"12\/04\/2022","format":false,"excerpt":"Na TecnoLoide Tecnologia temos solu\u00e7\u00f5es de e-mail dedicada, onde alocamos um servidor exclusivo para sua empresa como seja necess\u00e1rio. Como tamb\u00e9m distribu\u00edmos solu\u00e7\u00f5es compartilhadas entre Zimbra e Microsoft Exchange. Desse modo, sua empresa investe apenas o valor das contas necess\u00e1rias para o perfeito funcionamento. Todas as solu\u00e7\u00f5es contam com alto\u2026","rel":"","context":"Post similar","block_context":{"text":"Post similar","link":""},"img":{"alt_text":"E-mail TecnoLoide Tecnologia","src":"https:\/\/i0.wp.com\/tecnoloide.com.br\/site\/wp-content\/uploads\/2022\/04\/businessman-g0aa019a36_1920.jpg?fit=1200%2C751&ssl=1&resize=350%2C200","width":350,"height":200,"srcset":"https:\/\/i0.wp.com\/tecnoloide.com.br\/site\/wp-content\/uploads\/2022\/04\/businessman-g0aa019a36_1920.jpg?fit=1200%2C751&ssl=1&resize=350%2C200 1x, https:\/\/i0.wp.com\/tecnoloide.com.br\/site\/wp-content\/uploads\/2022\/04\/businessman-g0aa019a36_1920.jpg?fit=1200%2C751&ssl=1&resize=525%2C300 1.5x, https:\/\/i0.wp.com\/tecnoloide.com.br\/site\/wp-content\/uploads\/2022\/04\/businessman-g0aa019a36_1920.jpg?fit=1200%2C751&ssl=1&resize=700%2C400 2x, https:\/\/i0.wp.com\/tecnoloide.com.br\/site\/wp-content\/uploads\/2022\/04\/businessman-g0aa019a36_1920.jpg?fit=1200%2C751&ssl=1&resize=1050%2C600 3x"},"classes":[]},{"id":610,"url":"https:\/\/tecnoloide.com.br\/site\/monitoramento-de-servicos\/","url_meta":{"origin":586,"position":2},"title":"Monitoramento de servi\u00e7os","author":"Danilo Arouca","date":"27\/02\/2022","format":false,"excerpt":"A TecnoLoide Tecnologia conta com sistema de monitoramento externos dos ambientes para monitorar a sa\u00fade, entregabilidade e status dos principais servi\u00e7os. N\u00e3o se limitando aos servi\u00e7os que a pr\u00f3pria TecnoLoide oferece, como tamb\u00e9m os servi\u00e7os e servidores do cliente.Contamos com sistema de aviso autom\u00e1tico de problemas identificados por nossos rob\u00f4s,\u2026","rel":"","context":"Post similar","block_context":{"text":"Post similar","link":""},"img":{"alt_text":"Monitoramento TecnoLoide Tecnologia 2","src":"https:\/\/i0.wp.com\/tecnoloide.com.br\/site\/wp-content\/uploads\/2022\/02\/pulse-trace-gec103fbe1_1280.jpg?fit=1200%2C675&ssl=1&resize=350%2C200","width":350,"height":200,"srcset":"https:\/\/i0.wp.com\/tecnoloide.com.br\/site\/wp-content\/uploads\/2022\/02\/pulse-trace-gec103fbe1_1280.jpg?fit=1200%2C675&ssl=1&resize=350%2C200 1x, https:\/\/i0.wp.com\/tecnoloide.com.br\/site\/wp-content\/uploads\/2022\/02\/pulse-trace-gec103fbe1_1280.jpg?fit=1200%2C675&ssl=1&resize=525%2C300 1.5x, https:\/\/i0.wp.com\/tecnoloide.com.br\/site\/wp-content\/uploads\/2022\/02\/pulse-trace-gec103fbe1_1280.jpg?fit=1200%2C675&ssl=1&resize=700%2C400 2x, https:\/\/i0.wp.com\/tecnoloide.com.br\/site\/wp-content\/uploads\/2022\/02\/pulse-trace-gec103fbe1_1280.jpg?fit=1200%2C675&ssl=1&resize=1050%2C600 3x"},"classes":[]},{"id":1001,"url":"https:\/\/tecnoloide.com.br\/site\/ocorreu-um-bloqueio\/","url_meta":{"origin":586,"position":3},"title":"Ocorreu um bloqueio","author":"Danilo Arouca","date":"28\/03\/2023","format":false,"excerpt":"Ocorreu um bloqueio pelo Firewall. Caso necessite de suporte acesse o Suporte. https:\/\/tecnoloide.com.br\/site\/area-do-cliente\/","rel":"","context":"Post similar","block_context":{"text":"Post similar","link":""},"img":{"alt_text":"Bloqueio TecnoLoide Tecnologia","src":"https:\/\/i0.wp.com\/tecnoloide.com.br\/site\/wp-content\/uploads\/2023\/03\/block-firewall.webp?fit=738%2C320&ssl=1&resize=350%2C200","width":350,"height":200,"srcset":"https:\/\/i0.wp.com\/tecnoloide.com.br\/site\/wp-content\/uploads\/2023\/03\/block-firewall.webp?fit=738%2C320&ssl=1&resize=350%2C200 1x, https:\/\/i0.wp.com\/tecnoloide.com.br\/site\/wp-content\/uploads\/2023\/03\/block-firewall.webp?fit=738%2C320&ssl=1&resize=525%2C300 1.5x, https:\/\/i0.wp.com\/tecnoloide.com.br\/site\/wp-content\/uploads\/2023\/03\/block-firewall.webp?fit=738%2C320&ssl=1&resize=700%2C400 2x"},"classes":[]},{"id":577,"url":"https:\/\/tecnoloide.com.br\/site\/consultoria-especializada\/","url_meta":{"origin":586,"position":4},"title":"Desbloqueie o Potencial Inovador do seu Departamento de TI com a Consultoria Especializada da TecnoLoide Tecnologia, Incluindo a Certifica\u00e7\u00e3o ISO 27001","author":"Danilo Arouca","date":"27\/02\/2022","format":false,"excerpt":"Seu departamento de TI possui o potencial de ser um motor de inova\u00e7\u00e3o e crescimento para sua empresa. No entanto, muitas vezes, a rotina operacional e a falta de metodologias otimizadas podem impedir que sua equipe alcance o desempenho m\u00e1ximo, resultando em atrasos em projetos cruciais e na dificuldade de\u2026","rel":"","context":"Post similar","block_context":{"text":"Post similar","link":""},"img":{"alt_text":"Consultoria TecnoLoide Tecnologia","src":"https:\/\/i0.wp.com\/tecnoloide.com.br\/site\/wp-content\/uploads\/2022\/02\/consulting-gbe53d11e6_1920.jpg?fit=1200%2C799&ssl=1&resize=350%2C200","width":350,"height":200,"srcset":"https:\/\/i0.wp.com\/tecnoloide.com.br\/site\/wp-content\/uploads\/2022\/02\/consulting-gbe53d11e6_1920.jpg?fit=1200%2C799&ssl=1&resize=350%2C200 1x, https:\/\/i0.wp.com\/tecnoloide.com.br\/site\/wp-content\/uploads\/2022\/02\/consulting-gbe53d11e6_1920.jpg?fit=1200%2C799&ssl=1&resize=525%2C300 1.5x, https:\/\/i0.wp.com\/tecnoloide.com.br\/site\/wp-content\/uploads\/2022\/02\/consulting-gbe53d11e6_1920.jpg?fit=1200%2C799&ssl=1&resize=700%2C400 2x, https:\/\/i0.wp.com\/tecnoloide.com.br\/site\/wp-content\/uploads\/2022\/02\/consulting-gbe53d11e6_1920.jpg?fit=1200%2C799&ssl=1&resize=1050%2C600 3x"},"classes":[]},{"id":607,"url":"https:\/\/tecnoloide.com.br\/site\/cloud\/","url_meta":{"origin":586,"position":5},"title":"Impulsione a Inova\u00e7\u00e3o e Escalabilidade da sua Empresa com a Migra\u00e7\u00e3o Estrat\u00e9gica para a Nuvem e a Solu\u00e7\u00e3o de Datacenter Pr\u00f3prio da TecnoLoide Tecnologia","author":"Danilo Arouca","date":"12\/04\/2022","format":false,"excerpt":"A migra\u00e7\u00e3o para a nuvem representa uma oportunidade transformadora para empresas que buscam agilidade, escalabilidade e otimiza\u00e7\u00e3o de custos. Na TecnoLoide Tecnologia, somos seus parceiros estrat\u00e9gicos, oferecendo assessoria completa e especializada em todo o processo de transi\u00e7\u00e3o para ambientes de nuvem, garantindo uma jornada segura, eficiente e alinhada aos seus\u2026","rel":"","context":"Post similar","block_context":{"text":"Post similar","link":""},"img":{"alt_text":"Cloud TecnoLoide Tecnologia","src":"https:\/\/i0.wp.com\/tecnoloide.com.br\/site\/wp-content\/uploads\/2022\/04\/network-g6cd7a4cff_1920.jpg?fit=1200%2C800&ssl=1&resize=350%2C200","width":350,"height":200,"srcset":"https:\/\/i0.wp.com\/tecnoloide.com.br\/site\/wp-content\/uploads\/2022\/04\/network-g6cd7a4cff_1920.jpg?fit=1200%2C800&ssl=1&resize=350%2C200 1x, https:\/\/i0.wp.com\/tecnoloide.com.br\/site\/wp-content\/uploads\/2022\/04\/network-g6cd7a4cff_1920.jpg?fit=1200%2C800&ssl=1&resize=525%2C300 1.5x, https:\/\/i0.wp.com\/tecnoloide.com.br\/site\/wp-content\/uploads\/2022\/04\/network-g6cd7a4cff_1920.jpg?fit=1200%2C800&ssl=1&resize=700%2C400 2x, https:\/\/i0.wp.com\/tecnoloide.com.br\/site\/wp-content\/uploads\/2022\/04\/network-g6cd7a4cff_1920.jpg?fit=1200%2C800&ssl=1&resize=1050%2C600 3x"},"classes":[]}],"jetpack_likes_enabled":false,"_links":{"self":[{"href":"https:\/\/tecnoloide.com.br\/site\/wp-json\/wp\/v2\/pages\/586","targetHints":{"allow":["GET"]}}],"collection":[{"href":"https:\/\/tecnoloide.com.br\/site\/wp-json\/wp\/v2\/pages"}],"about":[{"href":"https:\/\/tecnoloide.com.br\/site\/wp-json\/wp\/v2\/types\/page"}],"author":[{"embeddable":true,"href":"https:\/\/tecnoloide.com.br\/site\/wp-json\/wp\/v2\/users\/1"}],"replies":[{"embeddable":true,"href":"https:\/\/tecnoloide.com.br\/site\/wp-json\/wp\/v2\/comments?post=586"}],"version-history":[{"count":3,"href":"https:\/\/tecnoloide.com.br\/site\/wp-json\/wp\/v2\/pages\/586\/revisions"}],"predecessor-version":[{"id":602,"href":"https:\/\/tecnoloide.com.br\/site\/wp-json\/wp\/v2\/pages\/586\/revisions\/602"}],"wp:featuredmedia":[{"embeddable":true,"href":"https:\/\/tecnoloide.com.br\/site\/wp-json\/wp\/v2\/media\/600"}],"wp:attachment":[{"href":"https:\/\/tecnoloide.com.br\/site\/wp-json\/wp\/v2\/media?parent=586"}],"curies":[{"name":"wp","href":"https:\/\/api.w.org\/{rel}","templated":true}]}}