{"id":649,"date":"2022-04-04T21:07:45","date_gmt":"2022-04-05T00:07:45","guid":{"rendered":"https:\/\/tecnoloide.com.br\/site\/?page_id=649"},"modified":"2022-04-04T21:29:32","modified_gmt":"2022-04-05T00:29:32","slug":"wiki","status":"publish","type":"page","link":"https:\/\/tecnoloide.com.br\/site\/wiki\/","title":{"rendered":"Wiki TecnoLoide Tecnologia"},"content":{"rendered":"<p><div class=\"betterdocs-live-search\">\n\t\n\t<form class=\"betterdocs-searchform betterdocs-advance-searchform\">\n\t\t<div class=\"betterdocs-searchform-input-wrap\">\n\t\t\t<svg class=\"docs-search-icon\" xmlns=\"http:\/\/www.w3.org\/2000\/svg\" xmlns:xlink=\"http:\/\/www.w3.org\/1999\/xlink\" width=\"38px\" viewBox=\"0 0 50 50\" version=\"1.1\">\n\t\t\t\t<g id=\"surface1\">\n\t\t\t\t\t<path d=\"M 21 3 C 11.601563 3 4 10.601563 4 20 C 4 29.398438 11.601563 37 21 37 C 24.355469 37 27.460938 36.015625 30.09375 34.34375 L 42.375 46.625 L 46.625 42.375 L 34.5 30.28125 C 36.679688 27.421875 38 23.878906 38 20 C 38 10.601563 30.398438 3 21 3 Z M 21 7 C 28.199219 7 34 12.800781 34 20 C 34 27.199219 28.199219 33 21 33 C 13.800781 33 8 27.199219 8 20 C 8 12.800781 13.800781 7 21 7 Z \"><\/path>\n\t\t\t\t<\/g>\n\t\t\t<\/svg>\n\t\t\t<input type=\"text\" class=\"betterdocs-search-field\" name=\"s\" aria-label=\"Campo de pesquisa\" placeholder=\"Pesquisar\" autocomplete=\"off\" value=\"\">\n\t\t\t<svg class=\"docs-search-loader\" width=\"38\" height=\"38\" viewBox=\"0 0 38 38\" xmlns=\"http:\/\/www.w3.org\/2000\/svg\" stroke=\"#444b54\">\n\t\t\t\t<g fill=\"none\" fill-rule=\"evenodd\">\n\t\t\t\t\t<g transform=\"translate(1 1)\" stroke-width=\"2\">\n\t\t\t\t\t\t<circle stroke-opacity=\".5\" cx=\"18\" cy=\"18\" r=\"18\" \/>\n\t\t\t\t\t\t<path d=\"M36 18c0-9.94-8.06-18-18-18\">\n\t\t\t\t\t\t\t<animateTransform attributeName=\"transform\" type=\"rotate\" from=\"0 18 18\" to=\"360 18 18\" dur=\"1s\" repeatCount=\"indefinite\" \/>\n\t\t\t\t\t\t<\/path>\n\t\t\t\t\t<\/g>\n\t\t\t\t<\/g>\n\t\t\t<\/svg>\n\t\t\t<svg class=\"docs-search-close\" xmlns=\"http:\/\/www.w3.org\/2000\/svg\" width=\"38px\" viewBox=\"0 0 128 128\">\n\t\t\t\t<path fill=\"#fff\" d=\"M64 14A50 50 0 1 0 64 114A50 50 0 1 0 64 14Z\" transform=\"rotate(-45.001 64 64.001)\"><\/path>\n\t\t\t\t<path class=\"close-border\" d=\"M64,117c-14.2,0-27.5-5.5-37.5-15.5c-20.7-20.7-20.7-54.3,0-75C36.5,16.5,49.8,11,64,11c14.2,0,27.5,5.5,37.5,15.5c10,10,15.5,23.3,15.5,37.5s-5.5,27.5-15.5,37.5C91.5,111.5,78.2,117,64,117z M64,17c-12.6,0-24.4,4.9-33.2,13.8c-18.3,18.3-18.3,48.1,0,66.5C39.6,106.1,51.4,111,64,111c12.6,0,24.4-4.9,33.2-13.8S111,76.6,111,64s-4.9-24.4-13.8-33.2S76.6,17,64,17z\"><\/path>\n\t\t\t\t<path class=\"close-line\" d=\"M53.4,77.6c-0.8,0-1.5-0.3-2.1-0.9c-1.2-1.2-1.2-3.1,0-4.2l21.2-21.2c1.2-1.2,3.1-1.2,4.2,0c1.2,1.2,1.2,3.1,0,4.2L55.5,76.7C54.9,77.3,54.2,77.6,53.4,77.6z\"><\/path>\n\t\t\t\t<path class=\"close-line\" d=\"M74.6,77.6c-0.8,0-1.5-0.3-2.1-0.9L51.3,55.5c-1.2-1.2-1.2-3.1,0-4.2c1.2-1.2,3.1-1.2,4.2,0l21.2,21.2c1.2,1.2,1.2,3.1,0,4.2C76.1,77.3,75.4,77.6,74.6,77.6z\"><\/path>\n\t\t\t<\/svg>\n\t\t<\/div>\n\n\t\t\t\t<input type=\"hidden\" value=\"Search\" aria-label=\"Search Submit\" class=\"betterdocs-search-submit\" \/>\n\t<\/form>\n\n\t<\/div>\n<br \/>\n\n<div\n\tclass=\"betterdocs-category-box-wrapper betterdocs-shortcode\">\n\t<div\n\t\tclass=\"betterdocs-category-box-inner-wrapper layout-1 layout-flex ash-bg docs-col-3 single-kb\" style=\"--column: 3;\">\n\t\t\n<a\n\thref=\"https:\/\/tecnoloide.com.br\/site\/wiki-category\/aplicativos\/\" data-id=\"21\" class=\"betterdocs-single-category-wrapper category-box default\">\n\t<div class=\"betterdocs-single-category-inner\">\n\t\t\n<div class=\"betterdocs-category-header\">\n\t<div class=\"betterdocs-category-header-inner\">\n\t\t\n<div class=\"betterdocs-category-icon\">\n\t<img decoding=\"async\" alt=\"betterdocs-category-icon\" class=\"betterdocs-category-icon-img\" src=\"https:\/\/tecnoloide.com.br\/site\/wp-content\/plugins\/betterdocs\/assets\/admin\/images\/betterdocs-cat-icon.svg?v=4.3.12\" \/><\/div>\n<h2 class=\"betterdocs-category-title\">Aplicativos<\/h2>\n<div data-count=\"4\" class=\"betterdocs-category-items-counts\">\n\t<span>\n\t\t 4 wikis\t<\/span>\n<\/div>\n\t<\/div>\n<\/div>\n\t<\/div>\n<\/a>\n\n<a\n\thref=\"https:\/\/tecnoloide.com.br\/site\/wiki-category\/como-fazer\/\" data-id=\"25\" class=\"betterdocs-single-category-wrapper category-box default\">\n\t<div class=\"betterdocs-single-category-inner\">\n\t\t\n<div class=\"betterdocs-category-header\">\n\t<div class=\"betterdocs-category-header-inner\">\n\t\t\n<div class=\"betterdocs-category-icon\">\n\t<img decoding=\"async\" alt=\"betterdocs-category-icon\" class=\"betterdocs-category-icon-img\" src=\"https:\/\/tecnoloide.com.br\/site\/wp-content\/plugins\/betterdocs\/assets\/admin\/images\/betterdocs-cat-icon.svg?v=4.3.12\" \/><\/div>\n<h2 class=\"betterdocs-category-title\">Como fazer<\/h2>\n<div data-count=\"1\" class=\"betterdocs-category-items-counts\">\n\t<span>\n\t\t 1 wiki\t<\/span>\n<\/div>\n\t<\/div>\n<\/div>\n\t<\/div>\n<\/a>\n\n<a\n\thref=\"https:\/\/tecnoloide.com.br\/site\/wiki-category\/email_exchange\/\" data-id=\"19\" class=\"betterdocs-single-category-wrapper category-box default\">\n\t<div class=\"betterdocs-single-category-inner\">\n\t\t\n<div class=\"betterdocs-category-header\">\n\t<div class=\"betterdocs-category-header-inner\">\n\t\t\n<div class=\"betterdocs-category-icon\">\n\t<img decoding=\"async\" alt=\"betterdocs-category-icon\" class=\"betterdocs-category-icon-img\" src=\"https:\/\/tecnoloide.com.br\/site\/wp-content\/plugins\/betterdocs\/assets\/admin\/images\/betterdocs-cat-icon.svg?v=4.3.12\" \/><\/div>\n<h2 class=\"betterdocs-category-title\">E-mail Microsoft Exchange<\/h2>\n<div data-count=\"2\" class=\"betterdocs-category-items-counts\">\n\t<span>\n\t\t 2 wikis\t<\/span>\n<\/div>\n\t<\/div>\n<\/div>\n\t<\/div>\n<\/a>\n\n<a\n\thref=\"https:\/\/tecnoloide.com.br\/site\/wiki-category\/email_zimbra\/\" data-id=\"17\" class=\"betterdocs-single-category-wrapper category-box default\">\n\t<div class=\"betterdocs-single-category-inner\">\n\t\t\n<div class=\"betterdocs-category-header\">\n\t<div class=\"betterdocs-category-header-inner\">\n\t\t\n<div class=\"betterdocs-category-icon\">\n\t<img decoding=\"async\" alt=\"betterdocs-category-icon\" class=\"betterdocs-category-icon-img\" src=\"https:\/\/tecnoloide.com.br\/site\/wp-content\/plugins\/betterdocs\/assets\/admin\/images\/betterdocs-cat-icon.svg?v=4.3.12\" \/><\/div>\n<h2 class=\"betterdocs-category-title\">E-mail Zimbra<\/h2>\n<div data-count=\"11\" class=\"betterdocs-category-items-counts\">\n\t<span>\n\t\t 11 wikis\t<\/span>\n<\/div>\n\t<\/div>\n<\/div>\n\t<\/div>\n<\/a>\n\n<a\n\thref=\"https:\/\/tecnoloide.com.br\/site\/wiki-category\/linux\/\" data-id=\"24\" class=\"betterdocs-single-category-wrapper category-box default\">\n\t<div class=\"betterdocs-single-category-inner\">\n\t\t\n<div class=\"betterdocs-category-header\">\n\t<div class=\"betterdocs-category-header-inner\">\n\t\t\n<div class=\"betterdocs-category-icon\">\n\t<img decoding=\"async\" alt=\"betterdocs-category-icon\" class=\"betterdocs-category-icon-img\" src=\"https:\/\/tecnoloide.com.br\/site\/wp-content\/plugins\/betterdocs\/assets\/admin\/images\/betterdocs-cat-icon.svg?v=4.3.12\" \/><\/div>\n<h2 class=\"betterdocs-category-title\">Linux<\/h2>\n<div data-count=\"1\" class=\"betterdocs-category-items-counts\">\n\t<span>\n\t\t 1 wiki\t<\/span>\n<\/div>\n\t<\/div>\n<\/div>\n\t<\/div>\n<\/a>\n\n<a\n\thref=\"https:\/\/tecnoloide.com.br\/site\/wiki-category\/mac\/\" data-id=\"23\" class=\"betterdocs-single-category-wrapper category-box default\">\n\t<div class=\"betterdocs-single-category-inner\">\n\t\t\n<div class=\"betterdocs-category-header\">\n\t<div class=\"betterdocs-category-header-inner\">\n\t\t\n<div class=\"betterdocs-category-icon\">\n\t<img decoding=\"async\" alt=\"betterdocs-category-icon\" class=\"betterdocs-category-icon-img\" src=\"https:\/\/tecnoloide.com.br\/site\/wp-content\/plugins\/betterdocs\/assets\/admin\/images\/betterdocs-cat-icon.svg?v=4.3.12\" \/><\/div>\n<h2 class=\"betterdocs-category-title\">Mac<\/h2>\n<div data-count=\"1\" class=\"betterdocs-category-items-counts\">\n\t<span>\n\t\t 1 wiki\t<\/span>\n<\/div>\n\t<\/div>\n<\/div>\n\t<\/div>\n<\/a>\n\n<a\n\thref=\"https:\/\/tecnoloide.com.br\/site\/wiki-category\/smartphone\/\" data-id=\"18\" class=\"betterdocs-single-category-wrapper category-box default\">\n\t<div class=\"betterdocs-single-category-inner\">\n\t\t\n<div class=\"betterdocs-category-header\">\n\t<div class=\"betterdocs-category-header-inner\">\n\t\t\n<div class=\"betterdocs-category-icon\">\n\t<img decoding=\"async\" alt=\"betterdocs-category-icon\" class=\"betterdocs-category-icon-img\" src=\"https:\/\/tecnoloide.com.br\/site\/wp-content\/plugins\/betterdocs\/assets\/admin\/images\/betterdocs-cat-icon.svg?v=4.3.12\" \/><\/div>\n<h2 class=\"betterdocs-category-title\">Smartphone<\/h2>\n<div data-count=\"3\" class=\"betterdocs-category-items-counts\">\n\t<span>\n\t\t 3 wikis\t<\/span>\n<\/div>\n\t<\/div>\n<\/div>\n\t<\/div>\n<\/a>\n\n<a\n\thref=\"https:\/\/tecnoloide.com.br\/site\/wiki-category\/windows\/\" data-id=\"22\" class=\"betterdocs-single-category-wrapper category-box default\">\n\t<div class=\"betterdocs-single-category-inner\">\n\t\t\n<div class=\"betterdocs-category-header\">\n\t<div class=\"betterdocs-category-header-inner\">\n\t\t\n<div class=\"betterdocs-category-icon\">\n\t<img decoding=\"async\" alt=\"betterdocs-category-icon\" class=\"betterdocs-category-icon-img\" src=\"https:\/\/tecnoloide.com.br\/site\/wp-content\/plugins\/betterdocs\/assets\/admin\/images\/betterdocs-cat-icon.svg?v=4.3.12\" \/><\/div>\n<h2 class=\"betterdocs-category-title\">Windows<\/h2>\n<div data-count=\"4\" class=\"betterdocs-category-items-counts\">\n\t<span>\n\t\t 4 wikis\t<\/span>\n<\/div>\n\t<\/div>\n<\/div>\n\t<\/div>\n<\/a>\n\t<\/div>\n\t\t<div class=\"clearfix\"><\/div>\n\t<\/div>\n<\/p>\n","protected":false},"excerpt":{"rendered":"","protected":false},"author":1,"featured_media":0,"parent":0,"menu_order":0,"comment_status":"closed","ping_status":"closed","template":"","meta":{"content-type":"","footnotes":""},"class_list":["post-649","page","type-page","status-publish","hentry"],"yoast_head":"<!-- This site is optimized with the Yoast SEO plugin v27.5 - https:\/\/yoast.com\/product\/yoast-seo-wordpress\/ -->\n<title>TecnoLoide Tecnologia - Wiki TecnoLoide Tecnologia<\/title>\n<meta name=\"robots\" content=\"index, follow, max-snippet:-1, max-image-preview:large, max-video-preview:-1\" \/>\n<link rel=\"canonical\" href=\"https:\/\/tecnoloide.com.br\/site\/wiki\/\" \/>\n<meta property=\"og:locale\" content=\"pt_BR\" \/>\n<meta property=\"og:type\" content=\"article\" \/>\n<meta property=\"og:title\" content=\"TecnoLoide Tecnologia - Wiki TecnoLoide Tecnologia\" \/>\n<meta property=\"og:url\" content=\"https:\/\/tecnoloide.com.br\/site\/wiki\/\" \/>\n<meta property=\"og:site_name\" content=\"TecnoLoide Tecnologia\" \/>\n<meta property=\"article:modified_time\" content=\"2022-04-05T00:29:32+00:00\" \/>\n<meta name=\"twitter:card\" content=\"summary_large_image\" \/>\n<meta name=\"twitter:label1\" content=\"Est. tempo de leitura\" \/>\n\t<meta name=\"twitter:data1\" content=\"1 minuto\" \/>\n<script type=\"application\/ld+json\" class=\"yoast-schema-graph\">{\"@context\":\"https:\\\/\\\/schema.org\",\"@graph\":[{\"@type\":\"WebPage\",\"@id\":\"https:\\\/\\\/tecnoloide.com.br\\\/site\\\/wiki\\\/\",\"url\":\"https:\\\/\\\/tecnoloide.com.br\\\/site\\\/wiki\\\/\",\"name\":\"TecnoLoide Tecnologia - Wiki TecnoLoide Tecnologia\",\"isPartOf\":{\"@id\":\"https:\\\/\\\/tecnoloide.com.br\\\/site\\\/#website\"},\"datePublished\":\"2022-04-05T00:07:45+00:00\",\"dateModified\":\"2022-04-05T00:29:32+00:00\",\"breadcrumb\":{\"@id\":\"https:\\\/\\\/tecnoloide.com.br\\\/site\\\/wiki\\\/#breadcrumb\"},\"inLanguage\":\"pt-BR\",\"potentialAction\":[{\"@type\":\"ReadAction\",\"target\":[\"https:\\\/\\\/tecnoloide.com.br\\\/site\\\/wiki\\\/\"]}]},{\"@type\":\"BreadcrumbList\",\"@id\":\"https:\\\/\\\/tecnoloide.com.br\\\/site\\\/wiki\\\/#breadcrumb\",\"itemListElement\":[{\"@type\":\"ListItem\",\"position\":1,\"name\":\"In\u00edcio\",\"item\":\"https:\\\/\\\/tecnoloide.com.br\\\/site\\\/\"},{\"@type\":\"ListItem\",\"position\":2,\"name\":\"Wiki TecnoLoide Tecnologia\"}]},{\"@type\":\"WebSite\",\"@id\":\"https:\\\/\\\/tecnoloide.com.br\\\/site\\\/#website\",\"url\":\"https:\\\/\\\/tecnoloide.com.br\\\/site\\\/\",\"name\":\"TecnoLoide Tecnologia\",\"description\":\"Tecnologia | Consultoria de TI\",\"publisher\":{\"@id\":\"https:\\\/\\\/tecnoloide.com.br\\\/site\\\/#organization\"},\"potentialAction\":[{\"@type\":\"SearchAction\",\"target\":{\"@type\":\"EntryPoint\",\"urlTemplate\":\"https:\\\/\\\/tecnoloide.com.br\\\/site\\\/?s={search_term_string}\"},\"query-input\":{\"@type\":\"PropertyValueSpecification\",\"valueRequired\":true,\"valueName\":\"search_term_string\"}}],\"inLanguage\":\"pt-BR\"},{\"@type\":\"Organization\",\"@id\":\"https:\\\/\\\/tecnoloide.com.br\\\/site\\\/#organization\",\"name\":\"TecnoLoide Tecnologia\",\"url\":\"https:\\\/\\\/tecnoloide.com.br\\\/site\\\/\",\"logo\":{\"@type\":\"ImageObject\",\"inLanguage\":\"pt-BR\",\"@id\":\"https:\\\/\\\/tecnoloide.com.br\\\/site\\\/#\\\/schema\\\/logo\\\/image\\\/\",\"url\":\"https:\\\/\\\/tecnoloide.com.br\\\/site\\\/wp-content\\\/uploads\\\/2020\\\/03\\\/Logo.png\",\"contentUrl\":\"https:\\\/\\\/tecnoloide.com.br\\\/site\\\/wp-content\\\/uploads\\\/2020\\\/03\\\/Logo.png\",\"width\":2059,\"height\":907,\"caption\":\"TecnoLoide Tecnologia\"},\"image\":{\"@id\":\"https:\\\/\\\/tecnoloide.com.br\\\/site\\\/#\\\/schema\\\/logo\\\/image\\\/\"},\"sameAs\":[\"https:\\\/\\\/www.linkedin.com\\\/company\\\/tecnoloide\\\/\"]}]}<\/script>\n<!-- \/ Yoast SEO plugin. -->","yoast_head_json":{"title":"TecnoLoide Tecnologia - Wiki TecnoLoide Tecnologia","robots":{"index":"index","follow":"follow","max-snippet":"max-snippet:-1","max-image-preview":"max-image-preview:large","max-video-preview":"max-video-preview:-1"},"canonical":"https:\/\/tecnoloide.com.br\/site\/wiki\/","og_locale":"pt_BR","og_type":"article","og_title":"TecnoLoide Tecnologia - Wiki TecnoLoide Tecnologia","og_url":"https:\/\/tecnoloide.com.br\/site\/wiki\/","og_site_name":"TecnoLoide Tecnologia","article_modified_time":"2022-04-05T00:29:32+00:00","twitter_card":"summary_large_image","twitter_misc":{"Est. tempo de leitura":"1 minuto"},"schema":{"@context":"https:\/\/schema.org","@graph":[{"@type":"WebPage","@id":"https:\/\/tecnoloide.com.br\/site\/wiki\/","url":"https:\/\/tecnoloide.com.br\/site\/wiki\/","name":"TecnoLoide Tecnologia - Wiki TecnoLoide Tecnologia","isPartOf":{"@id":"https:\/\/tecnoloide.com.br\/site\/#website"},"datePublished":"2022-04-05T00:07:45+00:00","dateModified":"2022-04-05T00:29:32+00:00","breadcrumb":{"@id":"https:\/\/tecnoloide.com.br\/site\/wiki\/#breadcrumb"},"inLanguage":"pt-BR","potentialAction":[{"@type":"ReadAction","target":["https:\/\/tecnoloide.com.br\/site\/wiki\/"]}]},{"@type":"BreadcrumbList","@id":"https:\/\/tecnoloide.com.br\/site\/wiki\/#breadcrumb","itemListElement":[{"@type":"ListItem","position":1,"name":"In\u00edcio","item":"https:\/\/tecnoloide.com.br\/site\/"},{"@type":"ListItem","position":2,"name":"Wiki TecnoLoide Tecnologia"}]},{"@type":"WebSite","@id":"https:\/\/tecnoloide.com.br\/site\/#website","url":"https:\/\/tecnoloide.com.br\/site\/","name":"TecnoLoide Tecnologia","description":"Tecnologia | Consultoria de TI","publisher":{"@id":"https:\/\/tecnoloide.com.br\/site\/#organization"},"potentialAction":[{"@type":"SearchAction","target":{"@type":"EntryPoint","urlTemplate":"https:\/\/tecnoloide.com.br\/site\/?s={search_term_string}"},"query-input":{"@type":"PropertyValueSpecification","valueRequired":true,"valueName":"search_term_string"}}],"inLanguage":"pt-BR"},{"@type":"Organization","@id":"https:\/\/tecnoloide.com.br\/site\/#organization","name":"TecnoLoide Tecnologia","url":"https:\/\/tecnoloide.com.br\/site\/","logo":{"@type":"ImageObject","inLanguage":"pt-BR","@id":"https:\/\/tecnoloide.com.br\/site\/#\/schema\/logo\/image\/","url":"https:\/\/tecnoloide.com.br\/site\/wp-content\/uploads\/2020\/03\/Logo.png","contentUrl":"https:\/\/tecnoloide.com.br\/site\/wp-content\/uploads\/2020\/03\/Logo.png","width":2059,"height":907,"caption":"TecnoLoide Tecnologia"},"image":{"@id":"https:\/\/tecnoloide.com.br\/site\/#\/schema\/logo\/image\/"},"sameAs":["https:\/\/www.linkedin.com\/company\/tecnoloide\/"]}]}},"jetpack_sharing_enabled":true,"jetpack-related-posts":[{"id":73,"url":"https:\/\/tecnoloide.com.br\/site\/area-do-cliente\/","url_meta":{"origin":649,"position":0},"title":"\u00c1rea do Cliente","author":"Danilo Arouca","date":"22\/03\/2020","format":false,"excerpt":"Verifique se sua quest\u00e3o n\u00e3o pode ser solucionada em nossa Wiki: wiki.tecnoloide.com.br Adicione um telefone de contato, caso n\u00e3o seja poss\u00edvel acesso ao e-mail.Tamb\u00e9m adicione o TeamViewer, AnyDesk ou IP com a devida senha para acesso remoto.","rel":"","context":"Post similar","block_context":{"text":"Post similar","link":""},"img":{"alt_text":"Suporte TecnoLoide Tecnologia","src":"https:\/\/i0.wp.com\/tecnoloide.com.br\/site\/wp-content\/uploads\/2022\/04\/web-gd191b868c_1920.jpg?fit=1200%2C696&ssl=1&resize=350%2C200","width":350,"height":200,"srcset":"https:\/\/i0.wp.com\/tecnoloide.com.br\/site\/wp-content\/uploads\/2022\/04\/web-gd191b868c_1920.jpg?fit=1200%2C696&ssl=1&resize=350%2C200 1x, https:\/\/i0.wp.com\/tecnoloide.com.br\/site\/wp-content\/uploads\/2022\/04\/web-gd191b868c_1920.jpg?fit=1200%2C696&ssl=1&resize=525%2C300 1.5x, https:\/\/i0.wp.com\/tecnoloide.com.br\/site\/wp-content\/uploads\/2022\/04\/web-gd191b868c_1920.jpg?fit=1200%2C696&ssl=1&resize=700%2C400 2x, https:\/\/i0.wp.com\/tecnoloide.com.br\/site\/wp-content\/uploads\/2022\/04\/web-gd191b868c_1920.jpg?fit=1200%2C696&ssl=1&resize=1050%2C600 3x"},"classes":[]},{"id":592,"url":"https:\/\/tecnoloide.com.br\/site\/outsourcing-tecnologia\/","url_meta":{"origin":649,"position":1},"title":"Outsourcing Tecnologia","author":"Danilo Arouca","date":"27\/02\/2022","format":false,"excerpt":"A TecnoLoide Tecnologia conta com outsourcing abrangente, alocando colaboradores presenciais para sua infraestrutura e desenvolvimento. Al\u00e9m de contar com solu\u00e7\u00f5es de aloca\u00e7\u00e3o remota para ger\u00eancia de projetos, testes de sistemas e desenvolvimento.Todos os profissionais ou solu\u00e7\u00f5es contam com a administra\u00e7\u00e3o de time da TecnoLoide. Desse modo, n\u00e3o se preocupando com\u2026","rel":"","context":"Post similar","block_context":{"text":"Post similar","link":""},"img":{"alt_text":"Outsourcing TecnoLoide Tecnologia","src":"https:\/\/i0.wp.com\/tecnoloide.com.br\/site\/wp-content\/uploads\/2022\/02\/laptop-g61502de64_1920.jpg?fit=1200%2C859&ssl=1&resize=350%2C200","width":350,"height":200,"srcset":"https:\/\/i0.wp.com\/tecnoloide.com.br\/site\/wp-content\/uploads\/2022\/02\/laptop-g61502de64_1920.jpg?fit=1200%2C859&ssl=1&resize=350%2C200 1x, https:\/\/i0.wp.com\/tecnoloide.com.br\/site\/wp-content\/uploads\/2022\/02\/laptop-g61502de64_1920.jpg?fit=1200%2C859&ssl=1&resize=525%2C300 1.5x, https:\/\/i0.wp.com\/tecnoloide.com.br\/site\/wp-content\/uploads\/2022\/02\/laptop-g61502de64_1920.jpg?fit=1200%2C859&ssl=1&resize=700%2C400 2x, https:\/\/i0.wp.com\/tecnoloide.com.br\/site\/wp-content\/uploads\/2022\/02\/laptop-g61502de64_1920.jpg?fit=1200%2C859&ssl=1&resize=1050%2C600 3x"},"classes":[]},{"id":610,"url":"https:\/\/tecnoloide.com.br\/site\/monitoramento-de-servicos\/","url_meta":{"origin":649,"position":2},"title":"Monitoramento de servi\u00e7os","author":"Danilo Arouca","date":"27\/02\/2022","format":false,"excerpt":"A TecnoLoide Tecnologia conta com sistema de monitoramento externos dos ambientes para monitorar a sa\u00fade, entregabilidade e status dos principais servi\u00e7os. N\u00e3o se limitando aos servi\u00e7os que a pr\u00f3pria TecnoLoide oferece, como tamb\u00e9m os servi\u00e7os e servidores do cliente.Contamos com sistema de aviso autom\u00e1tico de problemas identificados por nossos rob\u00f4s,\u2026","rel":"","context":"Post similar","block_context":{"text":"Post similar","link":""},"img":{"alt_text":"Monitoramento TecnoLoide Tecnologia 2","src":"https:\/\/i0.wp.com\/tecnoloide.com.br\/site\/wp-content\/uploads\/2022\/02\/pulse-trace-gec103fbe1_1280.jpg?fit=1200%2C675&ssl=1&resize=350%2C200","width":350,"height":200,"srcset":"https:\/\/i0.wp.com\/tecnoloide.com.br\/site\/wp-content\/uploads\/2022\/02\/pulse-trace-gec103fbe1_1280.jpg?fit=1200%2C675&ssl=1&resize=350%2C200 1x, https:\/\/i0.wp.com\/tecnoloide.com.br\/site\/wp-content\/uploads\/2022\/02\/pulse-trace-gec103fbe1_1280.jpg?fit=1200%2C675&ssl=1&resize=525%2C300 1.5x, https:\/\/i0.wp.com\/tecnoloide.com.br\/site\/wp-content\/uploads\/2022\/02\/pulse-trace-gec103fbe1_1280.jpg?fit=1200%2C675&ssl=1&resize=700%2C400 2x, https:\/\/i0.wp.com\/tecnoloide.com.br\/site\/wp-content\/uploads\/2022\/02\/pulse-trace-gec103fbe1_1280.jpg?fit=1200%2C675&ssl=1&resize=1050%2C600 3x"},"classes":[]},{"id":734,"url":"https:\/\/tecnoloide.com.br\/site\/arquivos-na-nuvem\/","url_meta":{"origin":649,"position":3},"title":"Arquivos na Nuvem","author":"Danilo Arouca","date":"12\/04\/2022","format":false,"excerpt":"Leve seus arquivos para nuvem e n\u00e3o dependa mais do File Server local da sua empresa. Tenha sempre acesso aos seus documentos, n\u00e3o importando o local de trabalho ou acesso a VPN. A TecnoLoide Tecnologia tem solu\u00e7\u00f5es profissionais de armazenamento de arquivos na nuvem, assim como um software para o\u2026","rel":"","context":"Post similar","block_context":{"text":"Post similar","link":""},"img":{"alt_text":"Backup TecnoLoide Tecnologia","src":"https:\/\/i0.wp.com\/tecnoloide.com.br\/site\/wp-content\/uploads\/2022\/04\/cloud-g40a21969b_1920.jpg?fit=1200%2C648&ssl=1&resize=350%2C200","width":350,"height":200,"srcset":"https:\/\/i0.wp.com\/tecnoloide.com.br\/site\/wp-content\/uploads\/2022\/04\/cloud-g40a21969b_1920.jpg?fit=1200%2C648&ssl=1&resize=350%2C200 1x, https:\/\/i0.wp.com\/tecnoloide.com.br\/site\/wp-content\/uploads\/2022\/04\/cloud-g40a21969b_1920.jpg?fit=1200%2C648&ssl=1&resize=525%2C300 1.5x, https:\/\/i0.wp.com\/tecnoloide.com.br\/site\/wp-content\/uploads\/2022\/04\/cloud-g40a21969b_1920.jpg?fit=1200%2C648&ssl=1&resize=700%2C400 2x, https:\/\/i0.wp.com\/tecnoloide.com.br\/site\/wp-content\/uploads\/2022\/04\/cloud-g40a21969b_1920.jpg?fit=1200%2C648&ssl=1&resize=1050%2C600 3x"},"classes":[]},{"id":586,"url":"https:\/\/tecnoloide.com.br\/site\/seguranca-firewall\/","url_meta":{"origin":649,"position":4},"title":"Seguran\u00e7a (Firewall)","author":"Danilo Arouca","date":"27\/02\/2022","format":false,"excerpt":"A TecnoLoide Tecnologia conta com um sistema de Firewall complet\u00edssimo. Onde \u00e9 poss\u00edvel bloquear sites, aplicativos, QOS, Load Balance, VPN e todas as outras necessidades necess\u00e1rias para o perfeito funcionamento do sistema de seguran\u00e7a da sua empresa.Implantamos um appliance com nosso sistema e faremos o gerenciamento do mesmo para o\u2026","rel":"","context":"Post similar","block_context":{"text":"Post similar","link":""},"img":{"alt_text":"Firewall TecnoLoide Tecnologia 2","src":"https:\/\/i0.wp.com\/tecnoloide.com.br\/site\/wp-content\/uploads\/2022\/02\/hacking-gae2577f4d_1920.jpg?fit=1200%2C800&ssl=1&resize=350%2C200","width":350,"height":200,"srcset":"https:\/\/i0.wp.com\/tecnoloide.com.br\/site\/wp-content\/uploads\/2022\/02\/hacking-gae2577f4d_1920.jpg?fit=1200%2C800&ssl=1&resize=350%2C200 1x, https:\/\/i0.wp.com\/tecnoloide.com.br\/site\/wp-content\/uploads\/2022\/02\/hacking-gae2577f4d_1920.jpg?fit=1200%2C800&ssl=1&resize=525%2C300 1.5x, https:\/\/i0.wp.com\/tecnoloide.com.br\/site\/wp-content\/uploads\/2022\/02\/hacking-gae2577f4d_1920.jpg?fit=1200%2C800&ssl=1&resize=700%2C400 2x, https:\/\/i0.wp.com\/tecnoloide.com.br\/site\/wp-content\/uploads\/2022\/02\/hacking-gae2577f4d_1920.jpg?fit=1200%2C800&ssl=1&resize=1050%2C600 3x"},"classes":[]},{"id":715,"url":"https:\/\/tecnoloide.com.br\/site\/desenvolvimento\/","url_meta":{"origin":649,"position":5},"title":"Desenvolvimento","author":"Danilo Arouca","date":"12\/04\/2022","format":false,"excerpt":"Dentro da TecnoLoide Tecnologia, trabalhamos com as mais modernas linguagens de programa\u00e7\u00e3o. Cuidando de projeto feitos para nuvem, como projetos feitos para funcionar perfeitamente no equipamento da sua empresa. Utilizamos as mais modernas tecnologias para gest\u00e3o do projetos e entrega dentro dos prazos acordados, al\u00e9m de oferecer reports constantes sobre\u2026","rel":"","context":"Post similar","block_context":{"text":"Post similar","link":""},"img":{"alt_text":"Desenvolvimento TecnoLoide Tecnologia","src":"https:\/\/i0.wp.com\/tecnoloide.com.br\/site\/wp-content\/uploads\/2022\/04\/software-developer-g62f595e77_1920.jpg?fit=1200%2C801&ssl=1&resize=350%2C200","width":350,"height":200,"srcset":"https:\/\/i0.wp.com\/tecnoloide.com.br\/site\/wp-content\/uploads\/2022\/04\/software-developer-g62f595e77_1920.jpg?fit=1200%2C801&ssl=1&resize=350%2C200 1x, https:\/\/i0.wp.com\/tecnoloide.com.br\/site\/wp-content\/uploads\/2022\/04\/software-developer-g62f595e77_1920.jpg?fit=1200%2C801&ssl=1&resize=525%2C300 1.5x, https:\/\/i0.wp.com\/tecnoloide.com.br\/site\/wp-content\/uploads\/2022\/04\/software-developer-g62f595e77_1920.jpg?fit=1200%2C801&ssl=1&resize=700%2C400 2x, https:\/\/i0.wp.com\/tecnoloide.com.br\/site\/wp-content\/uploads\/2022\/04\/software-developer-g62f595e77_1920.jpg?fit=1200%2C801&ssl=1&resize=1050%2C600 3x"},"classes":[]}],"jetpack_likes_enabled":false,"_links":{"self":[{"href":"https:\/\/tecnoloide.com.br\/site\/wp-json\/wp\/v2\/pages\/649","targetHints":{"allow":["GET"]}}],"collection":[{"href":"https:\/\/tecnoloide.com.br\/site\/wp-json\/wp\/v2\/pages"}],"about":[{"href":"https:\/\/tecnoloide.com.br\/site\/wp-json\/wp\/v2\/types\/page"}],"author":[{"embeddable":true,"href":"https:\/\/tecnoloide.com.br\/site\/wp-json\/wp\/v2\/users\/1"}],"replies":[{"embeddable":true,"href":"https:\/\/tecnoloide.com.br\/site\/wp-json\/wp\/v2\/comments?post=649"}],"version-history":[{"count":3,"href":"https:\/\/tecnoloide.com.br\/site\/wp-json\/wp\/v2\/pages\/649\/revisions"}],"predecessor-version":[{"id":658,"href":"https:\/\/tecnoloide.com.br\/site\/wp-json\/wp\/v2\/pages\/649\/revisions\/658"}],"wp:attachment":[{"href":"https:\/\/tecnoloide.com.br\/site\/wp-json\/wp\/v2\/media?parent=649"}],"curies":[{"name":"wp","href":"https:\/\/api.w.org\/{rel}","templated":true}]}}