{"id":725,"date":"2022-04-12T20:31:51","date_gmt":"2022-04-12T23:31:51","guid":{"rendered":"https:\/\/tecnoloide.com.br\/site\/?page_id=725"},"modified":"2022-04-12T20:31:55","modified_gmt":"2022-04-12T23:31:55","slug":"transformacao-digital","status":"publish","type":"page","link":"https:\/\/tecnoloide.com.br\/site\/transformacao-digital\/","title":{"rendered":"Transforma\u00e7\u00e3o Digital"},"content":{"rendered":"\n<p>N\u00f3s da TecnoLoide Tecnologia zelamos pela agilidade dentro e fora da nossa empresa. Com isso, contamos com um time capacitado para analisar sua empresa do come\u00e7o ao fim, passando por todos os processos e colocando tecnologias inovadoras em funcionamento.<\/p>\n\n\n\n<p>Com isso, conseguimos reduzir os processos manuais com uso de API dos sistemas, integrando eles e uso de RPA para robotizar o processo da empresa. Ganhando agilidade e assertividade das informa\u00e7\u00f5es imputadas nos sistemas.<\/p>\n\n\n\n<p>Os ganhos com a diminui\u00e7\u00e3o de falhas e libera\u00e7\u00e3o da equipe para processos menos repetitivos s\u00e3o enormes e mensur\u00e1veis. N\u00e3o deixe de nos chamar para melhor avaliar seu projeto.<\/p>\n\n\n\n<p>Saiba mais entrando em contato<br>\n<div class=\"wpcf7 no-js\" id=\"wpcf7-f49-o1\" lang=\"pt-BR\" dir=\"ltr\" data-wpcf7-id=\"49\">\n<div class=\"screen-reader-response\"><p role=\"status\" aria-live=\"polite\" aria-atomic=\"true\"><\/p> <ul><\/ul><\/div>\n<form action=\"\/site\/wp-json\/wp\/v2\/pages\/725#wpcf7-f49-o1\" method=\"post\" class=\"wpcf7-form init\" aria-label=\"Formul\u00e1rios de contato\" novalidate=\"novalidate\" data-status=\"init\">\n<fieldset class=\"hidden-fields-container\"><input type=\"hidden\" name=\"_wpcf7\" value=\"49\" \/><input type=\"hidden\" name=\"_wpcf7_version\" value=\"6.1.5\" \/><input type=\"hidden\" name=\"_wpcf7_locale\" value=\"pt_BR\" \/><input type=\"hidden\" name=\"_wpcf7_unit_tag\" value=\"wpcf7-f49-o1\" \/><input type=\"hidden\" name=\"_wpcf7_container_post\" value=\"0\" \/><input type=\"hidden\" name=\"_wpcf7_posted_data_hash\" value=\"\" \/><input type=\"hidden\" name=\"_wpcf7_recaptcha_response\" value=\"\" \/>\n<\/fieldset>\n<p><label> Nome*<br \/>\n<span class=\"wpcf7-form-control-wrap\" data-name=\"your-name\"><input size=\"40\" maxlength=\"400\" class=\"wpcf7-form-control wpcf7-text wpcf7-validates-as-required\" aria-required=\"true\" aria-invalid=\"false\" value=\"\" type=\"text\" name=\"your-name\" \/><\/span> <\/label>\n<\/p>\n<p><label> E-mail*<br \/>\n<span class=\"wpcf7-form-control-wrap\" data-name=\"your-email\"><input size=\"40\" maxlength=\"400\" class=\"wpcf7-form-control wpcf7-email wpcf7-validates-as-required wpcf7-text wpcf7-validates-as-email\" aria-required=\"true\" aria-invalid=\"false\" value=\"\" type=\"email\" name=\"your-email\" \/><\/span> <\/label>\n<\/p>\n<p><label> Assunto<br \/>\n<span class=\"wpcf7-form-control-wrap\" data-name=\"your-subject\"><input size=\"40\" maxlength=\"400\" class=\"wpcf7-form-control wpcf7-text\" aria-invalid=\"false\" value=\"\" type=\"text\" name=\"your-subject\" \/><\/span> <\/label>\n<\/p>\n<p><label> Mensagem<br \/>\n<span class=\"wpcf7-form-control-wrap\" data-name=\"your-message\"><textarea cols=\"40\" rows=\"10\" maxlength=\"2000\" class=\"wpcf7-form-control wpcf7-textarea\" aria-invalid=\"false\" name=\"your-message\"><\/textarea><\/span> <\/label>\n<\/p>\n<p><input class=\"wpcf7-form-control wpcf7-submit has-spinner\" type=\"submit\" value=\"Enviar\" \/>\n<\/p><p style=\"display: none !important;\" class=\"akismet-fields-container\" data-prefix=\"_wpcf7_ak_\"><label>&#916;<textarea name=\"_wpcf7_ak_hp_textarea\" cols=\"45\" rows=\"8\" maxlength=\"100\"><\/textarea><\/label><input type=\"hidden\" id=\"ak_js_1\" name=\"_wpcf7_ak_js\" value=\"245\"\/><script type=\"text\/javascript\">\n\/* <![CDATA[ *\/\ndocument.getElementById( \"ak_js_1\" ).setAttribute( \"value\", ( new Date() ).getTime() );\n\/* ]]> *\/\n<\/script>\n<\/p><div class=\"wpcf7-response-output\" aria-hidden=\"true\"><\/div>\n<\/form>\n<\/div>\n<\/p>\n","protected":false},"excerpt":{"rendered":"<p>N\u00f3s da TecnoLoide Tecnologia zelamos pela agilidade dentro e fora da nossa empresa. Com isso, contamos com um time capacitado para analisar sua empresa do come\u00e7o ao fim, passando por todos os processos e colocando tecnologias inovadoras em funcionamento. Com isso, conseguimos reduzir os processos manuais com uso de API dos sistemas, integrando eles e&nbsp;&hellip;<\/p>\n","protected":false},"author":1,"featured_media":745,"parent":0,"menu_order":0,"comment_status":"closed","ping_status":"closed","template":"","meta":{"content-type":"","footnotes":""},"class_list":["post-725","page","type-page","status-publish","has-post-thumbnail","hentry"],"yoast_head":"<!-- This site is optimized with the Yoast SEO plugin v27.5 - https:\/\/yoast.com\/product\/yoast-seo-wordpress\/ -->\n<title>TecnoLoide Tecnologia - Transforma\u00e7\u00e3o Digital<\/title>\n<meta name=\"robots\" content=\"index, follow, max-snippet:-1, max-image-preview:large, max-video-preview:-1\" \/>\n<link rel=\"canonical\" href=\"https:\/\/tecnoloide.com.br\/site\/transformacao-digital\/\" \/>\n<meta property=\"og:locale\" content=\"pt_BR\" \/>\n<meta property=\"og:type\" content=\"article\" \/>\n<meta property=\"og:title\" content=\"TecnoLoide Tecnologia - Transforma\u00e7\u00e3o Digital\" \/>\n<meta property=\"og:description\" content=\"N\u00f3s da TecnoLoide Tecnologia zelamos pela agilidade dentro e fora da nossa empresa. Com isso, contamos com um time capacitado para analisar sua empresa do come\u00e7o ao fim, passando por todos os processos e colocando tecnologias inovadoras em funcionamento. Com isso, conseguimos reduzir os processos manuais com uso de API dos sistemas, integrando eles e&nbsp;&hellip;\" \/>\n<meta property=\"og:url\" content=\"https:\/\/tecnoloide.com.br\/site\/transformacao-digital\/\" \/>\n<meta property=\"og:site_name\" content=\"TecnoLoide Tecnologia\" \/>\n<meta property=\"article:modified_time\" content=\"2022-04-12T23:31:55+00:00\" \/>\n<meta property=\"og:image\" content=\"https:\/\/tecnoloide.com.br\/site\/wp-content\/uploads\/2022\/04\/artificial-intelligence-g3099522ae_1920.jpg\" \/>\n\t<meta property=\"og:image:width\" content=\"1920\" \/>\n\t<meta property=\"og:image:height\" content=\"1285\" \/>\n\t<meta property=\"og:image:type\" content=\"image\/jpeg\" \/>\n<meta name=\"twitter:card\" content=\"summary_large_image\" \/>\n<meta name=\"twitter:label1\" content=\"Est. tempo de leitura\" \/>\n\t<meta name=\"twitter:data1\" content=\"1 minuto\" \/>\n<script type=\"application\/ld+json\" class=\"yoast-schema-graph\">{\"@context\":\"https:\\\/\\\/schema.org\",\"@graph\":[{\"@type\":\"WebPage\",\"@id\":\"https:\\\/\\\/tecnoloide.com.br\\\/site\\\/transformacao-digital\\\/\",\"url\":\"https:\\\/\\\/tecnoloide.com.br\\\/site\\\/transformacao-digital\\\/\",\"name\":\"TecnoLoide Tecnologia - Transforma\u00e7\u00e3o Digital\",\"isPartOf\":{\"@id\":\"https:\\\/\\\/tecnoloide.com.br\\\/site\\\/#website\"},\"primaryImageOfPage\":{\"@id\":\"https:\\\/\\\/tecnoloide.com.br\\\/site\\\/transformacao-digital\\\/#primaryimage\"},\"image\":{\"@id\":\"https:\\\/\\\/tecnoloide.com.br\\\/site\\\/transformacao-digital\\\/#primaryimage\"},\"thumbnailUrl\":\"https:\\\/\\\/i0.wp.com\\\/tecnoloide.com.br\\\/site\\\/wp-content\\\/uploads\\\/2022\\\/04\\\/artificial-intelligence-g3099522ae_1920.jpg?fit=1920%2C1285&ssl=1\",\"datePublished\":\"2022-04-12T23:31:51+00:00\",\"dateModified\":\"2022-04-12T23:31:55+00:00\",\"breadcrumb\":{\"@id\":\"https:\\\/\\\/tecnoloide.com.br\\\/site\\\/transformacao-digital\\\/#breadcrumb\"},\"inLanguage\":\"pt-BR\",\"potentialAction\":[{\"@type\":\"ReadAction\",\"target\":[\"https:\\\/\\\/tecnoloide.com.br\\\/site\\\/transformacao-digital\\\/\"]}]},{\"@type\":\"ImageObject\",\"inLanguage\":\"pt-BR\",\"@id\":\"https:\\\/\\\/tecnoloide.com.br\\\/site\\\/transformacao-digital\\\/#primaryimage\",\"url\":\"https:\\\/\\\/i0.wp.com\\\/tecnoloide.com.br\\\/site\\\/wp-content\\\/uploads\\\/2022\\\/04\\\/artificial-intelligence-g3099522ae_1920.jpg?fit=1920%2C1285&ssl=1\",\"contentUrl\":\"https:\\\/\\\/i0.wp.com\\\/tecnoloide.com.br\\\/site\\\/wp-content\\\/uploads\\\/2022\\\/04\\\/artificial-intelligence-g3099522ae_1920.jpg?fit=1920%2C1285&ssl=1\",\"width\":1920,\"height\":1285,\"caption\":\"RPA TecnoLoide Tecnologia\"},{\"@type\":\"BreadcrumbList\",\"@id\":\"https:\\\/\\\/tecnoloide.com.br\\\/site\\\/transformacao-digital\\\/#breadcrumb\",\"itemListElement\":[{\"@type\":\"ListItem\",\"position\":1,\"name\":\"In\u00edcio\",\"item\":\"https:\\\/\\\/tecnoloide.com.br\\\/site\\\/\"},{\"@type\":\"ListItem\",\"position\":2,\"name\":\"Transforma\u00e7\u00e3o Digital\"}]},{\"@type\":\"WebSite\",\"@id\":\"https:\\\/\\\/tecnoloide.com.br\\\/site\\\/#website\",\"url\":\"https:\\\/\\\/tecnoloide.com.br\\\/site\\\/\",\"name\":\"TecnoLoide Tecnologia\",\"description\":\"Tecnologia | Consultoria de TI\",\"publisher\":{\"@id\":\"https:\\\/\\\/tecnoloide.com.br\\\/site\\\/#organization\"},\"potentialAction\":[{\"@type\":\"SearchAction\",\"target\":{\"@type\":\"EntryPoint\",\"urlTemplate\":\"https:\\\/\\\/tecnoloide.com.br\\\/site\\\/?s={search_term_string}\"},\"query-input\":{\"@type\":\"PropertyValueSpecification\",\"valueRequired\":true,\"valueName\":\"search_term_string\"}}],\"inLanguage\":\"pt-BR\"},{\"@type\":\"Organization\",\"@id\":\"https:\\\/\\\/tecnoloide.com.br\\\/site\\\/#organization\",\"name\":\"TecnoLoide Tecnologia\",\"url\":\"https:\\\/\\\/tecnoloide.com.br\\\/site\\\/\",\"logo\":{\"@type\":\"ImageObject\",\"inLanguage\":\"pt-BR\",\"@id\":\"https:\\\/\\\/tecnoloide.com.br\\\/site\\\/#\\\/schema\\\/logo\\\/image\\\/\",\"url\":\"https:\\\/\\\/tecnoloide.com.br\\\/site\\\/wp-content\\\/uploads\\\/2020\\\/03\\\/Logo.png\",\"contentUrl\":\"https:\\\/\\\/tecnoloide.com.br\\\/site\\\/wp-content\\\/uploads\\\/2020\\\/03\\\/Logo.png\",\"width\":2059,\"height\":907,\"caption\":\"TecnoLoide Tecnologia\"},\"image\":{\"@id\":\"https:\\\/\\\/tecnoloide.com.br\\\/site\\\/#\\\/schema\\\/logo\\\/image\\\/\"},\"sameAs\":[\"https:\\\/\\\/www.linkedin.com\\\/company\\\/tecnoloide\\\/\"]}]}<\/script>\n<!-- \/ Yoast SEO plugin. -->","yoast_head_json":{"title":"TecnoLoide Tecnologia - Transforma\u00e7\u00e3o Digital","robots":{"index":"index","follow":"follow","max-snippet":"max-snippet:-1","max-image-preview":"max-image-preview:large","max-video-preview":"max-video-preview:-1"},"canonical":"https:\/\/tecnoloide.com.br\/site\/transformacao-digital\/","og_locale":"pt_BR","og_type":"article","og_title":"TecnoLoide Tecnologia - Transforma\u00e7\u00e3o Digital","og_description":"N\u00f3s da TecnoLoide Tecnologia zelamos pela agilidade dentro e fora da nossa empresa. Com isso, contamos com um time capacitado para analisar sua empresa do come\u00e7o ao fim, passando por todos os processos e colocando tecnologias inovadoras em funcionamento. Com isso, conseguimos reduzir os processos manuais com uso de API dos sistemas, integrando eles e&nbsp;&hellip;","og_url":"https:\/\/tecnoloide.com.br\/site\/transformacao-digital\/","og_site_name":"TecnoLoide Tecnologia","article_modified_time":"2022-04-12T23:31:55+00:00","og_image":[{"width":1920,"height":1285,"url":"https:\/\/tecnoloide.com.br\/site\/wp-content\/uploads\/2022\/04\/artificial-intelligence-g3099522ae_1920.jpg","type":"image\/jpeg"}],"twitter_card":"summary_large_image","twitter_misc":{"Est. tempo de leitura":"1 minuto"},"schema":{"@context":"https:\/\/schema.org","@graph":[{"@type":"WebPage","@id":"https:\/\/tecnoloide.com.br\/site\/transformacao-digital\/","url":"https:\/\/tecnoloide.com.br\/site\/transformacao-digital\/","name":"TecnoLoide Tecnologia - Transforma\u00e7\u00e3o Digital","isPartOf":{"@id":"https:\/\/tecnoloide.com.br\/site\/#website"},"primaryImageOfPage":{"@id":"https:\/\/tecnoloide.com.br\/site\/transformacao-digital\/#primaryimage"},"image":{"@id":"https:\/\/tecnoloide.com.br\/site\/transformacao-digital\/#primaryimage"},"thumbnailUrl":"https:\/\/i0.wp.com\/tecnoloide.com.br\/site\/wp-content\/uploads\/2022\/04\/artificial-intelligence-g3099522ae_1920.jpg?fit=1920%2C1285&ssl=1","datePublished":"2022-04-12T23:31:51+00:00","dateModified":"2022-04-12T23:31:55+00:00","breadcrumb":{"@id":"https:\/\/tecnoloide.com.br\/site\/transformacao-digital\/#breadcrumb"},"inLanguage":"pt-BR","potentialAction":[{"@type":"ReadAction","target":["https:\/\/tecnoloide.com.br\/site\/transformacao-digital\/"]}]},{"@type":"ImageObject","inLanguage":"pt-BR","@id":"https:\/\/tecnoloide.com.br\/site\/transformacao-digital\/#primaryimage","url":"https:\/\/i0.wp.com\/tecnoloide.com.br\/site\/wp-content\/uploads\/2022\/04\/artificial-intelligence-g3099522ae_1920.jpg?fit=1920%2C1285&ssl=1","contentUrl":"https:\/\/i0.wp.com\/tecnoloide.com.br\/site\/wp-content\/uploads\/2022\/04\/artificial-intelligence-g3099522ae_1920.jpg?fit=1920%2C1285&ssl=1","width":1920,"height":1285,"caption":"RPA TecnoLoide Tecnologia"},{"@type":"BreadcrumbList","@id":"https:\/\/tecnoloide.com.br\/site\/transformacao-digital\/#breadcrumb","itemListElement":[{"@type":"ListItem","position":1,"name":"In\u00edcio","item":"https:\/\/tecnoloide.com.br\/site\/"},{"@type":"ListItem","position":2,"name":"Transforma\u00e7\u00e3o Digital"}]},{"@type":"WebSite","@id":"https:\/\/tecnoloide.com.br\/site\/#website","url":"https:\/\/tecnoloide.com.br\/site\/","name":"TecnoLoide Tecnologia","description":"Tecnologia | Consultoria de TI","publisher":{"@id":"https:\/\/tecnoloide.com.br\/site\/#organization"},"potentialAction":[{"@type":"SearchAction","target":{"@type":"EntryPoint","urlTemplate":"https:\/\/tecnoloide.com.br\/site\/?s={search_term_string}"},"query-input":{"@type":"PropertyValueSpecification","valueRequired":true,"valueName":"search_term_string"}}],"inLanguage":"pt-BR"},{"@type":"Organization","@id":"https:\/\/tecnoloide.com.br\/site\/#organization","name":"TecnoLoide Tecnologia","url":"https:\/\/tecnoloide.com.br\/site\/","logo":{"@type":"ImageObject","inLanguage":"pt-BR","@id":"https:\/\/tecnoloide.com.br\/site\/#\/schema\/logo\/image\/","url":"https:\/\/tecnoloide.com.br\/site\/wp-content\/uploads\/2020\/03\/Logo.png","contentUrl":"https:\/\/tecnoloide.com.br\/site\/wp-content\/uploads\/2020\/03\/Logo.png","width":2059,"height":907,"caption":"TecnoLoide Tecnologia"},"image":{"@id":"https:\/\/tecnoloide.com.br\/site\/#\/schema\/logo\/image\/"},"sameAs":["https:\/\/www.linkedin.com\/company\/tecnoloide\/"]}]}},"jetpack_sharing_enabled":true,"jetpack-related-posts":[{"id":584,"url":"https:\/\/tecnoloide.com.br\/site\/lei-geral-de-protecao-de-dados-lgpd\/","url_meta":{"origin":725,"position":0},"title":"Lei Geral de Prote\u00e7\u00e3o de Dados (LGPD)","author":"Danilo Arouca","date":"27\/02\/2022","format":false,"excerpt":"A Lei Geral de Prote\u00e7\u00e3o de Dados (LGPD) est\u00e1 funcionando no Brasil e todas as empresas devem se adaptar e adaptar os processos para atender todas as necessidades da lei.Processos simples, como imprimir dados pessoais dos clientes e depois utilizar esse documento como rascunho poder\u00e1 n\u00e3o ser um problema para\u2026","rel":"","context":"Post similar","block_context":{"text":"Post similar","link":""},"img":{"alt_text":"LGPD TecnoLoide Tecnologia","src":"https:\/\/i0.wp.com\/tecnoloide.com.br\/site\/wp-content\/uploads\/2022\/02\/cyber-security-g1ec031923_1920.jpg?fit=1200%2C675&ssl=1&resize=350%2C200","width":350,"height":200,"srcset":"https:\/\/i0.wp.com\/tecnoloide.com.br\/site\/wp-content\/uploads\/2022\/02\/cyber-security-g1ec031923_1920.jpg?fit=1200%2C675&ssl=1&resize=350%2C200 1x, https:\/\/i0.wp.com\/tecnoloide.com.br\/site\/wp-content\/uploads\/2022\/02\/cyber-security-g1ec031923_1920.jpg?fit=1200%2C675&ssl=1&resize=525%2C300 1.5x, https:\/\/i0.wp.com\/tecnoloide.com.br\/site\/wp-content\/uploads\/2022\/02\/cyber-security-g1ec031923_1920.jpg?fit=1200%2C675&ssl=1&resize=700%2C400 2x, https:\/\/i0.wp.com\/tecnoloide.com.br\/site\/wp-content\/uploads\/2022\/02\/cyber-security-g1ec031923_1920.jpg?fit=1200%2C675&ssl=1&resize=1050%2C600 3x"},"classes":[]},{"id":531,"url":"https:\/\/tecnoloide.com.br\/site\/gestao-do-departamento-de-ti\/","url_meta":{"origin":725,"position":1},"title":"Gest\u00e3o do departamento de TI","author":"Danilo Arouca","date":"22\/02\/2022","format":false,"excerpt":"Com a gest\u00e3o do departamento de TI da TecnoLoide Tecnologia, voc\u00ea poder\u00e1 se preocupar com o que realmente importa na sua empresa. Deixando a aplica\u00e7\u00e3o de melhorias, digitaliza\u00e7\u00e3o, sustenta\u00e7\u00e3o e manuten\u00e7\u00f5es programadas nas m\u00e3os dos nossos profissionais.Cuidamos desde os incidentes at\u00e9 o budget financeiro anual do departamento. Trazendo assim uma\u2026","rel":"","context":"Post similar","block_context":{"text":"Post similar","link":""},"img":{"alt_text":"Gest\u00e3o do departamento de TI","src":"https:\/\/i0.wp.com\/tecnoloide.com.br\/site\/wp-content\/uploads\/2022\/02\/laptops-g069c8b4d9_1920.jpg?fit=1200%2C800&ssl=1&resize=350%2C200","width":350,"height":200,"srcset":"https:\/\/i0.wp.com\/tecnoloide.com.br\/site\/wp-content\/uploads\/2022\/02\/laptops-g069c8b4d9_1920.jpg?fit=1200%2C800&ssl=1&resize=350%2C200 1x, https:\/\/i0.wp.com\/tecnoloide.com.br\/site\/wp-content\/uploads\/2022\/02\/laptops-g069c8b4d9_1920.jpg?fit=1200%2C800&ssl=1&resize=525%2C300 1.5x, https:\/\/i0.wp.com\/tecnoloide.com.br\/site\/wp-content\/uploads\/2022\/02\/laptops-g069c8b4d9_1920.jpg?fit=1200%2C800&ssl=1&resize=700%2C400 2x, https:\/\/i0.wp.com\/tecnoloide.com.br\/site\/wp-content\/uploads\/2022\/02\/laptops-g069c8b4d9_1920.jpg?fit=1200%2C800&ssl=1&resize=1050%2C600 3x"},"classes":[]},{"id":607,"url":"https:\/\/tecnoloide.com.br\/site\/cloud\/","url_meta":{"origin":725,"position":2},"title":"Impulsione a Inova\u00e7\u00e3o e Escalabilidade da sua Empresa com a Migra\u00e7\u00e3o Estrat\u00e9gica para a Nuvem e a Solu\u00e7\u00e3o de Datacenter Pr\u00f3prio da TecnoLoide Tecnologia","author":"Danilo Arouca","date":"12\/04\/2022","format":false,"excerpt":"A migra\u00e7\u00e3o para a nuvem representa uma oportunidade transformadora para empresas que buscam agilidade, escalabilidade e otimiza\u00e7\u00e3o de custos. Na TecnoLoide Tecnologia, somos seus parceiros estrat\u00e9gicos, oferecendo assessoria completa e especializada em todo o processo de transi\u00e7\u00e3o para ambientes de nuvem, garantindo uma jornada segura, eficiente e alinhada aos seus\u2026","rel":"","context":"Post similar","block_context":{"text":"Post similar","link":""},"img":{"alt_text":"Cloud TecnoLoide Tecnologia","src":"https:\/\/i0.wp.com\/tecnoloide.com.br\/site\/wp-content\/uploads\/2022\/04\/network-g6cd7a4cff_1920.jpg?fit=1200%2C800&ssl=1&resize=350%2C200","width":350,"height":200,"srcset":"https:\/\/i0.wp.com\/tecnoloide.com.br\/site\/wp-content\/uploads\/2022\/04\/network-g6cd7a4cff_1920.jpg?fit=1200%2C800&ssl=1&resize=350%2C200 1x, https:\/\/i0.wp.com\/tecnoloide.com.br\/site\/wp-content\/uploads\/2022\/04\/network-g6cd7a4cff_1920.jpg?fit=1200%2C800&ssl=1&resize=525%2C300 1.5x, https:\/\/i0.wp.com\/tecnoloide.com.br\/site\/wp-content\/uploads\/2022\/04\/network-g6cd7a4cff_1920.jpg?fit=1200%2C800&ssl=1&resize=700%2C400 2x, https:\/\/i0.wp.com\/tecnoloide.com.br\/site\/wp-content\/uploads\/2022\/04\/network-g6cd7a4cff_1920.jpg?fit=1200%2C800&ssl=1&resize=1050%2C600 3x"},"classes":[]},{"id":577,"url":"https:\/\/tecnoloide.com.br\/site\/consultoria-especializada\/","url_meta":{"origin":725,"position":3},"title":"Desbloqueie o Potencial Inovador do seu Departamento de TI com a Consultoria Especializada da TecnoLoide Tecnologia, Incluindo a Certifica\u00e7\u00e3o ISO 27001","author":"Danilo Arouca","date":"27\/02\/2022","format":false,"excerpt":"Seu departamento de TI possui o potencial de ser um motor de inova\u00e7\u00e3o e crescimento para sua empresa. No entanto, muitas vezes, a rotina operacional e a falta de metodologias otimizadas podem impedir que sua equipe alcance o desempenho m\u00e1ximo, resultando em atrasos em projetos cruciais e na dificuldade de\u2026","rel":"","context":"Post similar","block_context":{"text":"Post similar","link":""},"img":{"alt_text":"Consultoria TecnoLoide Tecnologia","src":"https:\/\/i0.wp.com\/tecnoloide.com.br\/site\/wp-content\/uploads\/2022\/02\/consulting-gbe53d11e6_1920.jpg?fit=1200%2C799&ssl=1&resize=350%2C200","width":350,"height":200,"srcset":"https:\/\/i0.wp.com\/tecnoloide.com.br\/site\/wp-content\/uploads\/2022\/02\/consulting-gbe53d11e6_1920.jpg?fit=1200%2C799&ssl=1&resize=350%2C200 1x, https:\/\/i0.wp.com\/tecnoloide.com.br\/site\/wp-content\/uploads\/2022\/02\/consulting-gbe53d11e6_1920.jpg?fit=1200%2C799&ssl=1&resize=525%2C300 1.5x, https:\/\/i0.wp.com\/tecnoloide.com.br\/site\/wp-content\/uploads\/2022\/02\/consulting-gbe53d11e6_1920.jpg?fit=1200%2C799&ssl=1&resize=700%2C400 2x, https:\/\/i0.wp.com\/tecnoloide.com.br\/site\/wp-content\/uploads\/2022\/02\/consulting-gbe53d11e6_1920.jpg?fit=1200%2C799&ssl=1&resize=1050%2C600 3x"},"classes":[]},{"id":1026,"url":"https:\/\/tecnoloide.com.br\/site\/tecno-small-business\/","url_meta":{"origin":725,"position":4},"title":"Tecno Small Business","author":"Danilo Arouca","date":"09\/04\/2023","format":false,"excerpt":"Sabemos que, para o pequeno empres\u00e1rio, em um mercado altamente competitivo, \u00e9 essencial que empresas de todos os tamanhos tenham acesso \u00e0s tecnologias mais avan\u00e7adas. Por isso, a TecnoLoide Tecnologia agora tamb\u00e9m oferece solu\u00e7\u00f5es tecnol\u00f3gicas para pequenas empresas como a sua.Temos orgulho em ser uma empresa reconhecida por oferecer solu\u00e7\u00f5es\u2026","rel":"","context":"Post similar","block_context":{"text":"Post similar","link":""},"img":{"alt_text":"Tecno Small Business TecnoLoide Tecnologia","src":"https:\/\/i0.wp.com\/tecnoloide.com.br\/site\/wp-content\/uploads\/2023\/04\/Technology-Small-Business.jpg?fit=1200%2C675&ssl=1&resize=350%2C200","width":350,"height":200,"srcset":"https:\/\/i0.wp.com\/tecnoloide.com.br\/site\/wp-content\/uploads\/2023\/04\/Technology-Small-Business.jpg?fit=1200%2C675&ssl=1&resize=350%2C200 1x, https:\/\/i0.wp.com\/tecnoloide.com.br\/site\/wp-content\/uploads\/2023\/04\/Technology-Small-Business.jpg?fit=1200%2C675&ssl=1&resize=525%2C300 1.5x, https:\/\/i0.wp.com\/tecnoloide.com.br\/site\/wp-content\/uploads\/2023\/04\/Technology-Small-Business.jpg?fit=1200%2C675&ssl=1&resize=700%2C400 2x, https:\/\/i0.wp.com\/tecnoloide.com.br\/site\/wp-content\/uploads\/2023\/04\/Technology-Small-Business.jpg?fit=1200%2C675&ssl=1&resize=1050%2C600 3x"},"classes":[]},{"id":734,"url":"https:\/\/tecnoloide.com.br\/site\/arquivos-na-nuvem\/","url_meta":{"origin":725,"position":5},"title":"Arquivos na Nuvem","author":"Danilo Arouca","date":"12\/04\/2022","format":false,"excerpt":"Leve seus arquivos para nuvem e n\u00e3o dependa mais do File Server local da sua empresa. Tenha sempre acesso aos seus documentos, n\u00e3o importando o local de trabalho ou acesso a VPN. A TecnoLoide Tecnologia tem solu\u00e7\u00f5es profissionais de armazenamento de arquivos na nuvem, assim como um software para o\u2026","rel":"","context":"Post similar","block_context":{"text":"Post similar","link":""},"img":{"alt_text":"Backup TecnoLoide Tecnologia","src":"https:\/\/i0.wp.com\/tecnoloide.com.br\/site\/wp-content\/uploads\/2022\/04\/cloud-g40a21969b_1920.jpg?fit=1200%2C648&ssl=1&resize=350%2C200","width":350,"height":200,"srcset":"https:\/\/i0.wp.com\/tecnoloide.com.br\/site\/wp-content\/uploads\/2022\/04\/cloud-g40a21969b_1920.jpg?fit=1200%2C648&ssl=1&resize=350%2C200 1x, https:\/\/i0.wp.com\/tecnoloide.com.br\/site\/wp-content\/uploads\/2022\/04\/cloud-g40a21969b_1920.jpg?fit=1200%2C648&ssl=1&resize=525%2C300 1.5x, https:\/\/i0.wp.com\/tecnoloide.com.br\/site\/wp-content\/uploads\/2022\/04\/cloud-g40a21969b_1920.jpg?fit=1200%2C648&ssl=1&resize=700%2C400 2x, https:\/\/i0.wp.com\/tecnoloide.com.br\/site\/wp-content\/uploads\/2022\/04\/cloud-g40a21969b_1920.jpg?fit=1200%2C648&ssl=1&resize=1050%2C600 3x"},"classes":[]}],"jetpack_likes_enabled":false,"_links":{"self":[{"href":"https:\/\/tecnoloide.com.br\/site\/wp-json\/wp\/v2\/pages\/725","targetHints":{"allow":["GET"]}}],"collection":[{"href":"https:\/\/tecnoloide.com.br\/site\/wp-json\/wp\/v2\/pages"}],"about":[{"href":"https:\/\/tecnoloide.com.br\/site\/wp-json\/wp\/v2\/types\/page"}],"author":[{"embeddable":true,"href":"https:\/\/tecnoloide.com.br\/site\/wp-json\/wp\/v2\/users\/1"}],"replies":[{"embeddable":true,"href":"https:\/\/tecnoloide.com.br\/site\/wp-json\/wp\/v2\/comments?post=725"}],"version-history":[{"count":1,"href":"https:\/\/tecnoloide.com.br\/site\/wp-json\/wp\/v2\/pages\/725\/revisions"}],"predecessor-version":[{"id":746,"href":"https:\/\/tecnoloide.com.br\/site\/wp-json\/wp\/v2\/pages\/725\/revisions\/746"}],"wp:featuredmedia":[{"embeddable":true,"href":"https:\/\/tecnoloide.com.br\/site\/wp-json\/wp\/v2\/media\/745"}],"wp:attachment":[{"href":"https:\/\/tecnoloide.com.br\/site\/wp-json\/wp\/v2\/media?parent=725"}],"curies":[{"name":"wp","href":"https:\/\/api.w.org\/{rel}","templated":true}]}}