{"id":734,"date":"2022-04-12T20:16:52","date_gmt":"2022-04-12T23:16:52","guid":{"rendered":"https:\/\/tecnoloide.com.br\/site\/?page_id=734"},"modified":"2022-04-12T20:16:55","modified_gmt":"2022-04-12T23:16:55","slug":"arquivos-na-nuvem","status":"publish","type":"page","link":"https:\/\/tecnoloide.com.br\/site\/arquivos-na-nuvem\/","title":{"rendered":"Arquivos na Nuvem"},"content":{"rendered":"\n<p>Leve seus arquivos para nuvem e n\u00e3o dependa mais do File Server local da sua empresa. Tenha sempre acesso aos seus documentos, n\u00e3o importando o local de trabalho ou acesso a VPN.<\/p>\n\n\n\n<p>A TecnoLoide Tecnologia tem solu\u00e7\u00f5es profissionais de armazenamento de arquivos na nuvem, assim como um software para o seu desktop, deixando todos os arquivos automaticamente sincronizados com a nuvem.<\/p>\n\n\n\n<p>Tamb\u00e9m contamos com solu\u00e7\u00e3o automatizada de backup de esta\u00e7\u00f5es e servidores em Cloud. N\u00e3o importando o sistema operacional em uso.<\/p>\n\n\n\n<p>O armazenamento poder\u00e1 ser feito nos servidores da TecnoLoide Tecnologia, utilizando nossos servi\u00e7os. Ou sem Cloud p\u00fablicas, como AWS e Azure.<\/p>\n\n\n\n<figure class=\"wp-block-image size-large\"><img data-recalc-dims=\"1\" loading=\"lazy\" decoding=\"async\" width=\"1024\" height=\"596\" src=\"https:\/\/i0.wp.com\/tecnoloide.com.br\/site\/wp-content\/uploads\/2022\/04\/Screen-Shot-2022-04-12-at-20.13.48.png?resize=1024%2C596&#038;ssl=1\" alt=\"\" class=\"wp-image-737\" srcset=\"https:\/\/i0.wp.com\/tecnoloide.com.br\/site\/wp-content\/uploads\/2022\/04\/Screen-Shot-2022-04-12-at-20.13.48.png?resize=1024%2C596&amp;ssl=1 1024w, https:\/\/i0.wp.com\/tecnoloide.com.br\/site\/wp-content\/uploads\/2022\/04\/Screen-Shot-2022-04-12-at-20.13.48.png?resize=300%2C174&amp;ssl=1 300w, https:\/\/i0.wp.com\/tecnoloide.com.br\/site\/wp-content\/uploads\/2022\/04\/Screen-Shot-2022-04-12-at-20.13.48.png?resize=768%2C447&amp;ssl=1 768w, https:\/\/i0.wp.com\/tecnoloide.com.br\/site\/wp-content\/uploads\/2022\/04\/Screen-Shot-2022-04-12-at-20.13.48.png?resize=1536%2C893&amp;ssl=1 1536w, https:\/\/i0.wp.com\/tecnoloide.com.br\/site\/wp-content\/uploads\/2022\/04\/Screen-Shot-2022-04-12-at-20.13.48.png?resize=2048%2C1191&amp;ssl=1 2048w, https:\/\/i0.wp.com\/tecnoloide.com.br\/site\/wp-content\/uploads\/2022\/04\/Screen-Shot-2022-04-12-at-20.13.48.png?resize=1232%2C717&amp;ssl=1 1232w, https:\/\/i0.wp.com\/tecnoloide.com.br\/site\/wp-content\/uploads\/2022\/04\/Screen-Shot-2022-04-12-at-20.13.48.png?resize=1857%2C1080&amp;ssl=1 1857w\" sizes=\"auto, (max-width: 1024px) 100vw, 1024px\" \/><\/figure>\n\n\n\n<p>Saiba mais entrando em contato<br>\n<div class=\"wpcf7 no-js\" id=\"wpcf7-f49-o1\" lang=\"pt-BR\" dir=\"ltr\" data-wpcf7-id=\"49\">\n<div class=\"screen-reader-response\"><p role=\"status\" aria-live=\"polite\" aria-atomic=\"true\"><\/p> <ul><\/ul><\/div>\n<form action=\"\/site\/wp-json\/wp\/v2\/pages\/734#wpcf7-f49-o1\" method=\"post\" class=\"wpcf7-form init\" aria-label=\"Formul\u00e1rios de contato\" novalidate=\"novalidate\" data-status=\"init\">\n<fieldset class=\"hidden-fields-container\"><input type=\"hidden\" name=\"_wpcf7\" value=\"49\" \/><input type=\"hidden\" name=\"_wpcf7_version\" value=\"6.1.5\" \/><input type=\"hidden\" name=\"_wpcf7_locale\" value=\"pt_BR\" \/><input type=\"hidden\" name=\"_wpcf7_unit_tag\" value=\"wpcf7-f49-o1\" \/><input type=\"hidden\" name=\"_wpcf7_container_post\" value=\"0\" \/><input type=\"hidden\" name=\"_wpcf7_posted_data_hash\" value=\"\" \/><input type=\"hidden\" name=\"_wpcf7_recaptcha_response\" value=\"\" \/>\n<\/fieldset>\n<p><label> Nome*<br \/>\n<span class=\"wpcf7-form-control-wrap\" data-name=\"your-name\"><input size=\"40\" maxlength=\"400\" class=\"wpcf7-form-control wpcf7-text wpcf7-validates-as-required\" aria-required=\"true\" aria-invalid=\"false\" value=\"\" type=\"text\" name=\"your-name\" \/><\/span> <\/label>\n<\/p>\n<p><label> E-mail*<br \/>\n<span class=\"wpcf7-form-control-wrap\" data-name=\"your-email\"><input size=\"40\" maxlength=\"400\" class=\"wpcf7-form-control wpcf7-email wpcf7-validates-as-required wpcf7-text wpcf7-validates-as-email\" aria-required=\"true\" aria-invalid=\"false\" value=\"\" type=\"email\" name=\"your-email\" \/><\/span> <\/label>\n<\/p>\n<p><label> Assunto<br \/>\n<span class=\"wpcf7-form-control-wrap\" data-name=\"your-subject\"><input size=\"40\" maxlength=\"400\" class=\"wpcf7-form-control wpcf7-text\" aria-invalid=\"false\" value=\"\" type=\"text\" name=\"your-subject\" \/><\/span> <\/label>\n<\/p>\n<p><label> Mensagem<br \/>\n<span class=\"wpcf7-form-control-wrap\" data-name=\"your-message\"><textarea cols=\"40\" rows=\"10\" maxlength=\"2000\" class=\"wpcf7-form-control wpcf7-textarea\" aria-invalid=\"false\" name=\"your-message\"><\/textarea><\/span> <\/label>\n<\/p>\n<p><input class=\"wpcf7-form-control wpcf7-submit has-spinner\" type=\"submit\" value=\"Enviar\" \/>\n<\/p><p style=\"display: none !important;\" class=\"akismet-fields-container\" data-prefix=\"_wpcf7_ak_\"><label>&#916;<textarea name=\"_wpcf7_ak_hp_textarea\" cols=\"45\" rows=\"8\" maxlength=\"100\"><\/textarea><\/label><input type=\"hidden\" id=\"ak_js_1\" name=\"_wpcf7_ak_js\" value=\"103\"\/><script type=\"text\/javascript\">\n\/* <![CDATA[ *\/\ndocument.getElementById( \"ak_js_1\" ).setAttribute( \"value\", ( new Date() ).getTime() );\n\/* ]]> *\/\n<\/script>\n<\/p><div class=\"wpcf7-response-output\" aria-hidden=\"true\"><\/div>\n<\/form>\n<\/div>\n<\/p>\n","protected":false},"excerpt":{"rendered":"<p>Leve seus arquivos para nuvem e n\u00e3o dependa mais do File Server local da sua empresa. Tenha sempre acesso aos seus documentos, n\u00e3o importando o local de trabalho ou acesso a VPN. A TecnoLoide Tecnologia tem solu\u00e7\u00f5es profissionais de armazenamento de arquivos na nuvem, assim como um software para o seu desktop, deixando todos os&nbsp;&hellip;<\/p>\n","protected":false},"author":1,"featured_media":736,"parent":0,"menu_order":0,"comment_status":"closed","ping_status":"closed","template":"","meta":{"content-type":"","footnotes":""},"class_list":["post-734","page","type-page","status-publish","has-post-thumbnail","hentry"],"yoast_head":"<!-- This site is optimized with the Yoast SEO plugin v27.5 - https:\/\/yoast.com\/product\/yoast-seo-wordpress\/ -->\n<title>TecnoLoide Tecnologia - Arquivos na Nuvem<\/title>\n<meta name=\"robots\" content=\"index, follow, max-snippet:-1, max-image-preview:large, max-video-preview:-1\" \/>\n<link rel=\"canonical\" href=\"https:\/\/tecnoloide.com.br\/site\/arquivos-na-nuvem\/\" \/>\n<meta property=\"og:locale\" content=\"pt_BR\" \/>\n<meta property=\"og:type\" content=\"article\" \/>\n<meta property=\"og:title\" content=\"TecnoLoide Tecnologia - Arquivos na Nuvem\" \/>\n<meta property=\"og:description\" content=\"Leve seus arquivos para nuvem e n\u00e3o dependa mais do File Server local da sua empresa. Tenha sempre acesso aos seus documentos, n\u00e3o importando o local de trabalho ou acesso a VPN. A TecnoLoide Tecnologia tem solu\u00e7\u00f5es profissionais de armazenamento de arquivos na nuvem, assim como um software para o seu desktop, deixando todos os&nbsp;&hellip;\" \/>\n<meta property=\"og:url\" content=\"https:\/\/tecnoloide.com.br\/site\/arquivos-na-nuvem\/\" \/>\n<meta property=\"og:site_name\" content=\"TecnoLoide Tecnologia\" \/>\n<meta property=\"article:modified_time\" content=\"2022-04-12T23:16:55+00:00\" \/>\n<meta property=\"og:image\" content=\"https:\/\/tecnoloide.com.br\/site\/wp-content\/uploads\/2022\/04\/cloud-g40a21969b_1920.jpg\" \/>\n\t<meta property=\"og:image:width\" content=\"1920\" \/>\n\t<meta property=\"og:image:height\" content=\"1037\" \/>\n\t<meta property=\"og:image:type\" content=\"image\/jpeg\" \/>\n<meta name=\"twitter:card\" content=\"summary_large_image\" \/>\n<meta name=\"twitter:label1\" content=\"Est. tempo de leitura\" \/>\n\t<meta name=\"twitter:data1\" content=\"1 minuto\" \/>\n<script type=\"application\/ld+json\" class=\"yoast-schema-graph\">{\"@context\":\"https:\\\/\\\/schema.org\",\"@graph\":[{\"@type\":\"WebPage\",\"@id\":\"https:\\\/\\\/tecnoloide.com.br\\\/site\\\/arquivos-na-nuvem\\\/\",\"url\":\"https:\\\/\\\/tecnoloide.com.br\\\/site\\\/arquivos-na-nuvem\\\/\",\"name\":\"TecnoLoide Tecnologia - Arquivos na Nuvem\",\"isPartOf\":{\"@id\":\"https:\\\/\\\/tecnoloide.com.br\\\/site\\\/#website\"},\"primaryImageOfPage\":{\"@id\":\"https:\\\/\\\/tecnoloide.com.br\\\/site\\\/arquivos-na-nuvem\\\/#primaryimage\"},\"image\":{\"@id\":\"https:\\\/\\\/tecnoloide.com.br\\\/site\\\/arquivos-na-nuvem\\\/#primaryimage\"},\"thumbnailUrl\":\"https:\\\/\\\/i0.wp.com\\\/tecnoloide.com.br\\\/site\\\/wp-content\\\/uploads\\\/2022\\\/04\\\/cloud-g40a21969b_1920.jpg?fit=1920%2C1037&ssl=1\",\"datePublished\":\"2022-04-12T23:16:52+00:00\",\"dateModified\":\"2022-04-12T23:16:55+00:00\",\"breadcrumb\":{\"@id\":\"https:\\\/\\\/tecnoloide.com.br\\\/site\\\/arquivos-na-nuvem\\\/#breadcrumb\"},\"inLanguage\":\"pt-BR\",\"potentialAction\":[{\"@type\":\"ReadAction\",\"target\":[\"https:\\\/\\\/tecnoloide.com.br\\\/site\\\/arquivos-na-nuvem\\\/\"]}]},{\"@type\":\"ImageObject\",\"inLanguage\":\"pt-BR\",\"@id\":\"https:\\\/\\\/tecnoloide.com.br\\\/site\\\/arquivos-na-nuvem\\\/#primaryimage\",\"url\":\"https:\\\/\\\/i0.wp.com\\\/tecnoloide.com.br\\\/site\\\/wp-content\\\/uploads\\\/2022\\\/04\\\/cloud-g40a21969b_1920.jpg?fit=1920%2C1037&ssl=1\",\"contentUrl\":\"https:\\\/\\\/i0.wp.com\\\/tecnoloide.com.br\\\/site\\\/wp-content\\\/uploads\\\/2022\\\/04\\\/cloud-g40a21969b_1920.jpg?fit=1920%2C1037&ssl=1\",\"width\":1920,\"height\":1037,\"caption\":\"Backup TecnoLoide Tecnologia\"},{\"@type\":\"BreadcrumbList\",\"@id\":\"https:\\\/\\\/tecnoloide.com.br\\\/site\\\/arquivos-na-nuvem\\\/#breadcrumb\",\"itemListElement\":[{\"@type\":\"ListItem\",\"position\":1,\"name\":\"In\u00edcio\",\"item\":\"https:\\\/\\\/tecnoloide.com.br\\\/site\\\/\"},{\"@type\":\"ListItem\",\"position\":2,\"name\":\"Arquivos na Nuvem\"}]},{\"@type\":\"WebSite\",\"@id\":\"https:\\\/\\\/tecnoloide.com.br\\\/site\\\/#website\",\"url\":\"https:\\\/\\\/tecnoloide.com.br\\\/site\\\/\",\"name\":\"TecnoLoide Tecnologia\",\"description\":\"Tecnologia | Consultoria de TI\",\"publisher\":{\"@id\":\"https:\\\/\\\/tecnoloide.com.br\\\/site\\\/#organization\"},\"potentialAction\":[{\"@type\":\"SearchAction\",\"target\":{\"@type\":\"EntryPoint\",\"urlTemplate\":\"https:\\\/\\\/tecnoloide.com.br\\\/site\\\/?s={search_term_string}\"},\"query-input\":{\"@type\":\"PropertyValueSpecification\",\"valueRequired\":true,\"valueName\":\"search_term_string\"}}],\"inLanguage\":\"pt-BR\"},{\"@type\":\"Organization\",\"@id\":\"https:\\\/\\\/tecnoloide.com.br\\\/site\\\/#organization\",\"name\":\"TecnoLoide Tecnologia\",\"url\":\"https:\\\/\\\/tecnoloide.com.br\\\/site\\\/\",\"logo\":{\"@type\":\"ImageObject\",\"inLanguage\":\"pt-BR\",\"@id\":\"https:\\\/\\\/tecnoloide.com.br\\\/site\\\/#\\\/schema\\\/logo\\\/image\\\/\",\"url\":\"https:\\\/\\\/tecnoloide.com.br\\\/site\\\/wp-content\\\/uploads\\\/2020\\\/03\\\/Logo.png\",\"contentUrl\":\"https:\\\/\\\/tecnoloide.com.br\\\/site\\\/wp-content\\\/uploads\\\/2020\\\/03\\\/Logo.png\",\"width\":2059,\"height\":907,\"caption\":\"TecnoLoide Tecnologia\"},\"image\":{\"@id\":\"https:\\\/\\\/tecnoloide.com.br\\\/site\\\/#\\\/schema\\\/logo\\\/image\\\/\"},\"sameAs\":[\"https:\\\/\\\/www.linkedin.com\\\/company\\\/tecnoloide\\\/\"]}]}<\/script>\n<!-- \/ Yoast SEO plugin. -->","yoast_head_json":{"title":"TecnoLoide Tecnologia - Arquivos na Nuvem","robots":{"index":"index","follow":"follow","max-snippet":"max-snippet:-1","max-image-preview":"max-image-preview:large","max-video-preview":"max-video-preview:-1"},"canonical":"https:\/\/tecnoloide.com.br\/site\/arquivos-na-nuvem\/","og_locale":"pt_BR","og_type":"article","og_title":"TecnoLoide Tecnologia - Arquivos na Nuvem","og_description":"Leve seus arquivos para nuvem e n\u00e3o dependa mais do File Server local da sua empresa. Tenha sempre acesso aos seus documentos, n\u00e3o importando o local de trabalho ou acesso a VPN. A TecnoLoide Tecnologia tem solu\u00e7\u00f5es profissionais de armazenamento de arquivos na nuvem, assim como um software para o seu desktop, deixando todos os&nbsp;&hellip;","og_url":"https:\/\/tecnoloide.com.br\/site\/arquivos-na-nuvem\/","og_site_name":"TecnoLoide Tecnologia","article_modified_time":"2022-04-12T23:16:55+00:00","og_image":[{"width":1920,"height":1037,"url":"https:\/\/tecnoloide.com.br\/site\/wp-content\/uploads\/2022\/04\/cloud-g40a21969b_1920.jpg","type":"image\/jpeg"}],"twitter_card":"summary_large_image","twitter_misc":{"Est. tempo de leitura":"1 minuto"},"schema":{"@context":"https:\/\/schema.org","@graph":[{"@type":"WebPage","@id":"https:\/\/tecnoloide.com.br\/site\/arquivos-na-nuvem\/","url":"https:\/\/tecnoloide.com.br\/site\/arquivos-na-nuvem\/","name":"TecnoLoide Tecnologia - Arquivos na Nuvem","isPartOf":{"@id":"https:\/\/tecnoloide.com.br\/site\/#website"},"primaryImageOfPage":{"@id":"https:\/\/tecnoloide.com.br\/site\/arquivos-na-nuvem\/#primaryimage"},"image":{"@id":"https:\/\/tecnoloide.com.br\/site\/arquivos-na-nuvem\/#primaryimage"},"thumbnailUrl":"https:\/\/i0.wp.com\/tecnoloide.com.br\/site\/wp-content\/uploads\/2022\/04\/cloud-g40a21969b_1920.jpg?fit=1920%2C1037&ssl=1","datePublished":"2022-04-12T23:16:52+00:00","dateModified":"2022-04-12T23:16:55+00:00","breadcrumb":{"@id":"https:\/\/tecnoloide.com.br\/site\/arquivos-na-nuvem\/#breadcrumb"},"inLanguage":"pt-BR","potentialAction":[{"@type":"ReadAction","target":["https:\/\/tecnoloide.com.br\/site\/arquivos-na-nuvem\/"]}]},{"@type":"ImageObject","inLanguage":"pt-BR","@id":"https:\/\/tecnoloide.com.br\/site\/arquivos-na-nuvem\/#primaryimage","url":"https:\/\/i0.wp.com\/tecnoloide.com.br\/site\/wp-content\/uploads\/2022\/04\/cloud-g40a21969b_1920.jpg?fit=1920%2C1037&ssl=1","contentUrl":"https:\/\/i0.wp.com\/tecnoloide.com.br\/site\/wp-content\/uploads\/2022\/04\/cloud-g40a21969b_1920.jpg?fit=1920%2C1037&ssl=1","width":1920,"height":1037,"caption":"Backup TecnoLoide Tecnologia"},{"@type":"BreadcrumbList","@id":"https:\/\/tecnoloide.com.br\/site\/arquivos-na-nuvem\/#breadcrumb","itemListElement":[{"@type":"ListItem","position":1,"name":"In\u00edcio","item":"https:\/\/tecnoloide.com.br\/site\/"},{"@type":"ListItem","position":2,"name":"Arquivos na Nuvem"}]},{"@type":"WebSite","@id":"https:\/\/tecnoloide.com.br\/site\/#website","url":"https:\/\/tecnoloide.com.br\/site\/","name":"TecnoLoide Tecnologia","description":"Tecnologia | Consultoria de TI","publisher":{"@id":"https:\/\/tecnoloide.com.br\/site\/#organization"},"potentialAction":[{"@type":"SearchAction","target":{"@type":"EntryPoint","urlTemplate":"https:\/\/tecnoloide.com.br\/site\/?s={search_term_string}"},"query-input":{"@type":"PropertyValueSpecification","valueRequired":true,"valueName":"search_term_string"}}],"inLanguage":"pt-BR"},{"@type":"Organization","@id":"https:\/\/tecnoloide.com.br\/site\/#organization","name":"TecnoLoide Tecnologia","url":"https:\/\/tecnoloide.com.br\/site\/","logo":{"@type":"ImageObject","inLanguage":"pt-BR","@id":"https:\/\/tecnoloide.com.br\/site\/#\/schema\/logo\/image\/","url":"https:\/\/tecnoloide.com.br\/site\/wp-content\/uploads\/2020\/03\/Logo.png","contentUrl":"https:\/\/tecnoloide.com.br\/site\/wp-content\/uploads\/2020\/03\/Logo.png","width":2059,"height":907,"caption":"TecnoLoide Tecnologia"},"image":{"@id":"https:\/\/tecnoloide.com.br\/site\/#\/schema\/logo\/image\/"},"sameAs":["https:\/\/www.linkedin.com\/company\/tecnoloide\/"]}]}},"jetpack_sharing_enabled":true,"jetpack-related-posts":[{"id":607,"url":"https:\/\/tecnoloide.com.br\/site\/cloud\/","url_meta":{"origin":734,"position":0},"title":"Impulsione a Inova\u00e7\u00e3o e Escalabilidade da sua Empresa com a Migra\u00e7\u00e3o Estrat\u00e9gica para a Nuvem e a Solu\u00e7\u00e3o de Datacenter Pr\u00f3prio da TecnoLoide Tecnologia","author":"Danilo Arouca","date":"12\/04\/2022","format":false,"excerpt":"A migra\u00e7\u00e3o para a nuvem representa uma oportunidade transformadora para empresas que buscam agilidade, escalabilidade e otimiza\u00e7\u00e3o de custos. Na TecnoLoide Tecnologia, somos seus parceiros estrat\u00e9gicos, oferecendo assessoria completa e especializada em todo o processo de transi\u00e7\u00e3o para ambientes de nuvem, garantindo uma jornada segura, eficiente e alinhada aos seus\u2026","rel":"","context":"Post similar","block_context":{"text":"Post similar","link":""},"img":{"alt_text":"Cloud TecnoLoide Tecnologia","src":"https:\/\/i0.wp.com\/tecnoloide.com.br\/site\/wp-content\/uploads\/2022\/04\/network-g6cd7a4cff_1920.jpg?fit=1200%2C800&ssl=1&resize=350%2C200","width":350,"height":200,"srcset":"https:\/\/i0.wp.com\/tecnoloide.com.br\/site\/wp-content\/uploads\/2022\/04\/network-g6cd7a4cff_1920.jpg?fit=1200%2C800&ssl=1&resize=350%2C200 1x, https:\/\/i0.wp.com\/tecnoloide.com.br\/site\/wp-content\/uploads\/2022\/04\/network-g6cd7a4cff_1920.jpg?fit=1200%2C800&ssl=1&resize=525%2C300 1.5x, https:\/\/i0.wp.com\/tecnoloide.com.br\/site\/wp-content\/uploads\/2022\/04\/network-g6cd7a4cff_1920.jpg?fit=1200%2C800&ssl=1&resize=700%2C400 2x, https:\/\/i0.wp.com\/tecnoloide.com.br\/site\/wp-content\/uploads\/2022\/04\/network-g6cd7a4cff_1920.jpg?fit=1200%2C800&ssl=1&resize=1050%2C600 3x"},"classes":[]},{"id":12,"url":"https:\/\/tecnoloide.com.br\/site\/","url_meta":{"origin":734,"position":1},"title":"In\u00edcio","author":"Danilo Arouca","date":"22\/03\/2020","format":false,"excerpt":"Tecno Small Business Atendimento avan\u00e7ado da TecnoLoide Tecnologia para pequenos neg\u00f3cios. Saiba mais Tecno Smart Business Atendimento personalizado da TecnoLoide Tecnologia para sua empresa. Saiba mais Outsourcing Atendimento presencial em toda Grande S\u00e3o Paulo. Al\u00e9m de consultoria nacional. Saiba mais Alguns servi\u00e7os Entregamos todas as solu\u00e7\u00f5es necess\u00e1rias em tecnologia para\u2026","rel":"","context":"Post similar","block_context":{"text":"Post similar","link":""},"img":{"alt_text":"","src":"","width":0,"height":0},"classes":[]},{"id":1026,"url":"https:\/\/tecnoloide.com.br\/site\/tecno-small-business\/","url_meta":{"origin":734,"position":2},"title":"Tecno Small Business","author":"Danilo Arouca","date":"09\/04\/2023","format":false,"excerpt":"Sabemos que, para o pequeno empres\u00e1rio, em um mercado altamente competitivo, \u00e9 essencial que empresas de todos os tamanhos tenham acesso \u00e0s tecnologias mais avan\u00e7adas. Por isso, a TecnoLoide Tecnologia agora tamb\u00e9m oferece solu\u00e7\u00f5es tecnol\u00f3gicas para pequenas empresas como a sua.Temos orgulho em ser uma empresa reconhecida por oferecer solu\u00e7\u00f5es\u2026","rel":"","context":"Post similar","block_context":{"text":"Post similar","link":""},"img":{"alt_text":"Tecno Small Business TecnoLoide Tecnologia","src":"https:\/\/i0.wp.com\/tecnoloide.com.br\/site\/wp-content\/uploads\/2023\/04\/Technology-Small-Business.jpg?fit=1200%2C675&ssl=1&resize=350%2C200","width":350,"height":200,"srcset":"https:\/\/i0.wp.com\/tecnoloide.com.br\/site\/wp-content\/uploads\/2023\/04\/Technology-Small-Business.jpg?fit=1200%2C675&ssl=1&resize=350%2C200 1x, https:\/\/i0.wp.com\/tecnoloide.com.br\/site\/wp-content\/uploads\/2023\/04\/Technology-Small-Business.jpg?fit=1200%2C675&ssl=1&resize=525%2C300 1.5x, https:\/\/i0.wp.com\/tecnoloide.com.br\/site\/wp-content\/uploads\/2023\/04\/Technology-Small-Business.jpg?fit=1200%2C675&ssl=1&resize=700%2C400 2x, https:\/\/i0.wp.com\/tecnoloide.com.br\/site\/wp-content\/uploads\/2023\/04\/Technology-Small-Business.jpg?fit=1200%2C675&ssl=1&resize=1050%2C600 3x"},"classes":[]},{"id":715,"url":"https:\/\/tecnoloide.com.br\/site\/desenvolvimento\/","url_meta":{"origin":734,"position":3},"title":"Desenvolvimento","author":"Danilo Arouca","date":"12\/04\/2022","format":false,"excerpt":"Dentro da TecnoLoide Tecnologia, trabalhamos com as mais modernas linguagens de programa\u00e7\u00e3o. Cuidando de projeto feitos para nuvem, como projetos feitos para funcionar perfeitamente no equipamento da sua empresa. Utilizamos as mais modernas tecnologias para gest\u00e3o do projetos e entrega dentro dos prazos acordados, al\u00e9m de oferecer reports constantes sobre\u2026","rel":"","context":"Post similar","block_context":{"text":"Post similar","link":""},"img":{"alt_text":"Desenvolvimento TecnoLoide Tecnologia","src":"https:\/\/i0.wp.com\/tecnoloide.com.br\/site\/wp-content\/uploads\/2022\/04\/software-developer-g62f595e77_1920.jpg?fit=1200%2C801&ssl=1&resize=350%2C200","width":350,"height":200,"srcset":"https:\/\/i0.wp.com\/tecnoloide.com.br\/site\/wp-content\/uploads\/2022\/04\/software-developer-g62f595e77_1920.jpg?fit=1200%2C801&ssl=1&resize=350%2C200 1x, https:\/\/i0.wp.com\/tecnoloide.com.br\/site\/wp-content\/uploads\/2022\/04\/software-developer-g62f595e77_1920.jpg?fit=1200%2C801&ssl=1&resize=525%2C300 1.5x, https:\/\/i0.wp.com\/tecnoloide.com.br\/site\/wp-content\/uploads\/2022\/04\/software-developer-g62f595e77_1920.jpg?fit=1200%2C801&ssl=1&resize=700%2C400 2x, https:\/\/i0.wp.com\/tecnoloide.com.br\/site\/wp-content\/uploads\/2022\/04\/software-developer-g62f595e77_1920.jpg?fit=1200%2C801&ssl=1&resize=1050%2C600 3x"},"classes":[]},{"id":610,"url":"https:\/\/tecnoloide.com.br\/site\/monitoramento-de-servicos\/","url_meta":{"origin":734,"position":4},"title":"Monitoramento de servi\u00e7os","author":"Danilo Arouca","date":"27\/02\/2022","format":false,"excerpt":"A TecnoLoide Tecnologia conta com sistema de monitoramento externos dos ambientes para monitorar a sa\u00fade, entregabilidade e status dos principais servi\u00e7os. N\u00e3o se limitando aos servi\u00e7os que a pr\u00f3pria TecnoLoide oferece, como tamb\u00e9m os servi\u00e7os e servidores do cliente.Contamos com sistema de aviso autom\u00e1tico de problemas identificados por nossos rob\u00f4s,\u2026","rel":"","context":"Post similar","block_context":{"text":"Post similar","link":""},"img":{"alt_text":"Monitoramento TecnoLoide Tecnologia 2","src":"https:\/\/i0.wp.com\/tecnoloide.com.br\/site\/wp-content\/uploads\/2022\/02\/pulse-trace-gec103fbe1_1280.jpg?fit=1200%2C675&ssl=1&resize=350%2C200","width":350,"height":200,"srcset":"https:\/\/i0.wp.com\/tecnoloide.com.br\/site\/wp-content\/uploads\/2022\/02\/pulse-trace-gec103fbe1_1280.jpg?fit=1200%2C675&ssl=1&resize=350%2C200 1x, https:\/\/i0.wp.com\/tecnoloide.com.br\/site\/wp-content\/uploads\/2022\/02\/pulse-trace-gec103fbe1_1280.jpg?fit=1200%2C675&ssl=1&resize=525%2C300 1.5x, https:\/\/i0.wp.com\/tecnoloide.com.br\/site\/wp-content\/uploads\/2022\/02\/pulse-trace-gec103fbe1_1280.jpg?fit=1200%2C675&ssl=1&resize=700%2C400 2x, https:\/\/i0.wp.com\/tecnoloide.com.br\/site\/wp-content\/uploads\/2022\/02\/pulse-trace-gec103fbe1_1280.jpg?fit=1200%2C675&ssl=1&resize=1050%2C600 3x"},"classes":[]},{"id":73,"url":"https:\/\/tecnoloide.com.br\/site\/area-do-cliente\/","url_meta":{"origin":734,"position":5},"title":"\u00c1rea do Cliente","author":"Danilo Arouca","date":"22\/03\/2020","format":false,"excerpt":"Verifique se sua quest\u00e3o n\u00e3o pode ser solucionada em nossa Wiki: wiki.tecnoloide.com.br Adicione um telefone de contato, caso n\u00e3o seja poss\u00edvel acesso ao e-mail.Tamb\u00e9m adicione o TeamViewer, AnyDesk ou IP com a devida senha para acesso remoto.","rel":"","context":"Post similar","block_context":{"text":"Post similar","link":""},"img":{"alt_text":"Suporte TecnoLoide Tecnologia","src":"https:\/\/i0.wp.com\/tecnoloide.com.br\/site\/wp-content\/uploads\/2022\/04\/web-gd191b868c_1920.jpg?fit=1200%2C696&ssl=1&resize=350%2C200","width":350,"height":200,"srcset":"https:\/\/i0.wp.com\/tecnoloide.com.br\/site\/wp-content\/uploads\/2022\/04\/web-gd191b868c_1920.jpg?fit=1200%2C696&ssl=1&resize=350%2C200 1x, https:\/\/i0.wp.com\/tecnoloide.com.br\/site\/wp-content\/uploads\/2022\/04\/web-gd191b868c_1920.jpg?fit=1200%2C696&ssl=1&resize=525%2C300 1.5x, https:\/\/i0.wp.com\/tecnoloide.com.br\/site\/wp-content\/uploads\/2022\/04\/web-gd191b868c_1920.jpg?fit=1200%2C696&ssl=1&resize=700%2C400 2x, https:\/\/i0.wp.com\/tecnoloide.com.br\/site\/wp-content\/uploads\/2022\/04\/web-gd191b868c_1920.jpg?fit=1200%2C696&ssl=1&resize=1050%2C600 3x"},"classes":[]}],"jetpack_likes_enabled":false,"_links":{"self":[{"href":"https:\/\/tecnoloide.com.br\/site\/wp-json\/wp\/v2\/pages\/734","targetHints":{"allow":["GET"]}}],"collection":[{"href":"https:\/\/tecnoloide.com.br\/site\/wp-json\/wp\/v2\/pages"}],"about":[{"href":"https:\/\/tecnoloide.com.br\/site\/wp-json\/wp\/v2\/types\/page"}],"author":[{"embeddable":true,"href":"https:\/\/tecnoloide.com.br\/site\/wp-json\/wp\/v2\/users\/1"}],"replies":[{"embeddable":true,"href":"https:\/\/tecnoloide.com.br\/site\/wp-json\/wp\/v2\/comments?post=734"}],"version-history":[{"count":1,"href":"https:\/\/tecnoloide.com.br\/site\/wp-json\/wp\/v2\/pages\/734\/revisions"}],"predecessor-version":[{"id":738,"href":"https:\/\/tecnoloide.com.br\/site\/wp-json\/wp\/v2\/pages\/734\/revisions\/738"}],"wp:featuredmedia":[{"embeddable":true,"href":"https:\/\/tecnoloide.com.br\/site\/wp-json\/wp\/v2\/media\/736"}],"wp:attachment":[{"href":"https:\/\/tecnoloide.com.br\/site\/wp-json\/wp\/v2\/media?parent=734"}],"curies":[{"name":"wp","href":"https:\/\/api.w.org\/{rel}","templated":true}]}}